{"id":1192,"date":"2022-02-03T13:08:34","date_gmt":"2022-02-03T12:08:34","guid":{"rendered":"https:\/\/fullcircle.es\/?page_id=1192"},"modified":"2025-11-28T09:16:22","modified_gmt":"2025-11-28T08:16:22","slug":"gestion-de-procesos-erp","status":"publish","type":"page","link":"https:\/\/fullcircle.es\/en\/digitalizacion-de-pymes-kit-consulting\/gestion-de-procesos-erp\/","title":{"rendered":"Gesti\u00f3n de procesos ERP"},"content":{"rendered":"<h2>Implantaci\u00f3n de un sistema digital de gesti\u00f3n<\/h2>\n<p class=\"p1\"><strong>El principal objetivo de estas herramientas es digitalizar y\/o automatizar procesos de tu negocio, relacionados con los aspectos operativos o productivos. Facturaci\u00f3n, gesti\u00f3n de proyectos, gesti\u00f3n de productos y servicios, inventario etc&#8230; Normalmente a trav\u00e9s de la selecci\u00f3n de un ERP (<em>enterprise resource planning<\/em>) o planificaci\u00f3n de recursos empresariales.<\/strong><\/p>\n<div class=\"lc-inline_block_cd64ad28746f73273d316824a310ac02-edit block block-layout-builder block-field-blocknodesolution-packagefield-subtitle\">\n<div class=\"clearfix text-formatted field field--name-field-subtitle field--type-text-long field--label-hidden field__item\">\n<p>En funci\u00f3n de tu negocio y de las necesidades no cubiertas comenzaremos por elegir la soluci\u00f3n o <em>suite<\/em> de soluciones que mejor cubra las necesidades del negocio. En caso de que tu empresa ya utilice una o varias herramientas para gestionar los procesos haremos una consultor\u00eda de an\u00e1lisis de la idoneidad de las herramientas y a la identificaci\u00f3n de los problemas o necesidades sin resolver, tanto respecto a las herramientas como a los procesos.<\/p>\n<p>Una vez definida la herramienta m\u00e1s adecuada haremos la implantaci\u00f3n, personalizaci\u00f3n y la formaci\u00f3n del equipo para su explotaci\u00f3n.<\/p>\n<\/div>\n<\/div>\n","protected":false},"excerpt":{"rendered":"Implantaci\u00f3n de un sistema digital de gesti\u00f3n El principal objetivo de estas herramientas es digitalizar y\/o automatizar procesos de tu negocio, relacionados con los aspectos operativos o productivos. Facturaci\u00f3n, gesti\u00f3n de proyectos, gesti\u00f3n de productos y servicios, inventario etc&#8230; Normalmente a trav\u00e9s de la selecci\u00f3n de un ERP (enterprise resource planning) o planificaci\u00f3n de recursos [&hellip;]","protected":false},"author":2,"featured_media":0,"parent":726,"menu_order":0,"comment_status":"closed","ping_status":"closed","template":"templates\/kit-digital.php","meta":{"_acf_changed":false,"footnotes":""},"class_list":["post-1192","page","type-page","status-publish","hentry"],"acf":[],"yoast_head":"<!-- This site is optimized with the Yoast SEO plugin v26.7 - https:\/\/yoast.com\/wordpress\/plugins\/seo\/ -->\n<title>Gesti\u00f3n de procesos ERP | Fullcircle<\/title>\n<meta name=\"description\" content=\"El principal objetivo de estas herramientas es digitalizar y\/o automatizar procesos de tu negocio, relacionados con los aspectos operativos o productivos.\" \/>\n<meta name=\"robots\" content=\"index, follow, max-snippet:-1, max-image-preview:large, max-video-preview:-1\" \/>\n<link rel=\"canonical\" href=\"https:\/\/fullcircle.es\/en\/digitalizacion-de-pymes-kit-consulting\/gestion-de-procesos-erp\/\" \/>\n<meta property=\"og:locale\" content=\"en_US\" \/>\n<meta property=\"og:type\" content=\"article\" \/>\n<meta property=\"og:title\" content=\"Gesti\u00f3n de procesos ERP | Fullcircle\" \/>\n<meta property=\"og:description\" content=\"El principal objetivo de estas herramientas es digitalizar y\/o automatizar procesos de tu negocio, relacionados con los aspectos operativos o productivos.\" \/>\n<meta property=\"og:url\" content=\"https:\/\/fullcircle.es\/en\/digitalizacion-de-pymes-kit-consulting\/gestion-de-procesos-erp\/\" \/>\n<meta property=\"og:site_name\" content=\"Fullcircle\" \/>\n<meta property=\"article:modified_time\" content=\"2025-11-28T08:16:22+00:00\" \/>\n<meta name=\"twitter:card\" content=\"summary_large_image\" \/>\n<meta name=\"twitter:label1\" content=\"Est. reading time\" \/>\n\t<meta name=\"twitter:data1\" content=\"1 minute\" \/>\n<script type=\"application\/ld+json\" class=\"yoast-schema-graph\">{\"@context\":\"https:\/\/schema.org\",\"@graph\":[{\"@type\":\"WebPage\",\"@id\":\"https:\/\/fullcircle.es\/en\/digitalizacion-de-pymes-kit-consulting\/gestion-de-procesos-erp\/\",\"url\":\"https:\/\/fullcircle.es\/en\/digitalizacion-de-pymes-kit-consulting\/gestion-de-procesos-erp\/\",\"name\":\"Gesti\u00f3n de procesos ERP | Fullcircle\",\"isPartOf\":{\"@id\":\"https:\/\/fullcircle.es\/en\/#website\"},\"datePublished\":\"2022-02-03T12:08:34+00:00\",\"dateModified\":\"2025-11-28T08:16:22+00:00\",\"description\":\"El principal objetivo de estas herramientas es digitalizar y\/o automatizar procesos de tu negocio, relacionados con los aspectos operativos o productivos.\",\"breadcrumb\":{\"@id\":\"https:\/\/fullcircle.es\/en\/digitalizacion-de-pymes-kit-consulting\/gestion-de-procesos-erp\/#breadcrumb\"},\"inLanguage\":\"en-US\",\"potentialAction\":[{\"@type\":\"ReadAction\",\"target\":[[\"https:\/\/fullcircle.es\/en\/digitalizacion-de-pymes-kit-consulting\/gestion-de-procesos-erp\/\"]]}]},{\"@type\":\"BreadcrumbList\",\"@id\":\"https:\/\/fullcircle.es\/en\/digitalizacion-de-pymes-kit-consulting\/gestion-de-procesos-erp\/#breadcrumb\",\"itemListElement\":[{\"@type\":\"ListItem\",\"position\":1,\"name\":\"Inicio\",\"item\":\"https:\/\/fullcircle.es\/en\/\"},{\"@type\":\"ListItem\",\"position\":2,\"name\":\"Digitalizaci\u00f3n de PYMES &#8211; KIT CONSULTING\",\"item\":\"https:\/\/fullcircle.es\/en\/digitalizacion-de-pymes-kit-consulting\/\"},{\"@type\":\"ListItem\",\"position\":3,\"name\":\"Gesti\u00f3n de procesos ERP\"}]},{\"@type\":\"WebSite\",\"@id\":\"https:\/\/fullcircle.es\/en\/#website\",\"url\":\"https:\/\/fullcircle.es\/en\/\",\"name\":\"Fullcircle\",\"description\":\"Digital design, development and transformation\",\"publisher\":{\"@id\":\"https:\/\/fullcircle.es\/en\/#organization\"},\"potentialAction\":[{\"@type\":\"SearchAction\",\"target\":{\"@type\":\"EntryPoint\",\"urlTemplate\":\"https:\/\/fullcircle.es\/en\/?s={search_term_string}\"},\"query-input\":{\"@type\":\"PropertyValueSpecification\",\"valueRequired\":true,\"valueName\":\"search_term_string\"}}],\"inLanguage\":\"en-US\"},{\"@type\":\"Organization\",\"@id\":\"https:\/\/fullcircle.es\/en\/#organization\",\"name\":\"Fullcircle\",\"url\":\"https:\/\/fullcircle.es\/en\/\",\"logo\":{\"@type\":\"ImageObject\",\"inLanguage\":\"en-US\",\"@id\":\"https:\/\/fullcircle.es\/en\/#\/schema\/logo\/image\/\",\"url\":\"https:\/\/fullcircle.es\/wp-content\/uploads\/2023\/09\/fullcircle-digital-transformation.png\",\"contentUrl\":\"https:\/\/fullcircle.es\/wp-content\/uploads\/2023\/09\/fullcircle-digital-transformation.png\",\"width\":1200,\"height\":408,\"caption\":\"Fullcircle\"},\"image\":{\"@id\":\"https:\/\/fullcircle.es\/en\/#\/schema\/logo\/image\/\"}}]}<\/script>\n<!-- \/ Yoast SEO plugin. -->","yoast_head_json":{"title":"Gesti\u00f3n de procesos ERP | Fullcircle","description":"El principal objetivo de estas herramientas es digitalizar y\/o automatizar procesos de tu negocio, relacionados con los aspectos operativos o productivos.","robots":{"index":"index","follow":"follow","max-snippet":"max-snippet:-1","max-image-preview":"max-image-preview:large","max-video-preview":"max-video-preview:-1"},"canonical":"https:\/\/fullcircle.es\/en\/digitalizacion-de-pymes-kit-consulting\/gestion-de-procesos-erp\/","og_locale":"en_US","og_type":"article","og_title":"Gesti\u00f3n de procesos ERP | Fullcircle","og_description":"El principal objetivo de estas herramientas es digitalizar y\/o automatizar procesos de tu negocio, relacionados con los aspectos operativos o productivos.","og_url":"https:\/\/fullcircle.es\/en\/digitalizacion-de-pymes-kit-consulting\/gestion-de-procesos-erp\/","og_site_name":"Fullcircle","article_modified_time":"2025-11-28T08:16:22+00:00","twitter_card":"summary_large_image","twitter_misc":{"Est. reading time":"1 minute"},"schema":{"@context":"https:\/\/schema.org","@graph":[{"@type":"WebPage","@id":"https:\/\/fullcircle.es\/en\/digitalizacion-de-pymes-kit-consulting\/gestion-de-procesos-erp\/","url":"https:\/\/fullcircle.es\/en\/digitalizacion-de-pymes-kit-consulting\/gestion-de-procesos-erp\/","name":"Gesti\u00f3n de procesos ERP | Fullcircle","isPartOf":{"@id":"https:\/\/fullcircle.es\/en\/#website"},"datePublished":"2022-02-03T12:08:34+00:00","dateModified":"2025-11-28T08:16:22+00:00","description":"El principal objetivo de estas herramientas es digitalizar y\/o automatizar procesos de tu negocio, relacionados con los aspectos operativos o productivos.","breadcrumb":{"@id":"https:\/\/fullcircle.es\/en\/digitalizacion-de-pymes-kit-consulting\/gestion-de-procesos-erp\/#breadcrumb"},"inLanguage":"en-US","potentialAction":[{"@type":"ReadAction","target":[["https:\/\/fullcircle.es\/en\/digitalizacion-de-pymes-kit-consulting\/gestion-de-procesos-erp\/"]]}]},{"@type":"BreadcrumbList","@id":"https:\/\/fullcircle.es\/en\/digitalizacion-de-pymes-kit-consulting\/gestion-de-procesos-erp\/#breadcrumb","itemListElement":[{"@type":"ListItem","position":1,"name":"Inicio","item":"https:\/\/fullcircle.es\/en\/"},{"@type":"ListItem","position":2,"name":"Digitalizaci\u00f3n de PYMES &#8211; KIT CONSULTING","item":"https:\/\/fullcircle.es\/en\/digitalizacion-de-pymes-kit-consulting\/"},{"@type":"ListItem","position":3,"name":"Gesti\u00f3n de procesos ERP"}]},{"@type":"WebSite","@id":"https:\/\/fullcircle.es\/en\/#website","url":"https:\/\/fullcircle.es\/en\/","name":"Fullcircle","description":"Digital design, development and transformation","publisher":{"@id":"https:\/\/fullcircle.es\/en\/#organization"},"potentialAction":[{"@type":"SearchAction","target":{"@type":"EntryPoint","urlTemplate":"https:\/\/fullcircle.es\/en\/?s={search_term_string}"},"query-input":{"@type":"PropertyValueSpecification","valueRequired":true,"valueName":"search_term_string"}}],"inLanguage":"en-US"},{"@type":"Organization","@id":"https:\/\/fullcircle.es\/en\/#organization","name":"Fullcircle","url":"https:\/\/fullcircle.es\/en\/","logo":{"@type":"ImageObject","inLanguage":"en-US","@id":"https:\/\/fullcircle.es\/en\/#\/schema\/logo\/image\/","url":"https:\/\/fullcircle.es\/wp-content\/uploads\/2023\/09\/fullcircle-digital-transformation.png","contentUrl":"https:\/\/fullcircle.es\/wp-content\/uploads\/2023\/09\/fullcircle-digital-transformation.png","width":1200,"height":408,"caption":"Fullcircle"},"image":{"@id":"https:\/\/fullcircle.es\/en\/#\/schema\/logo\/image\/"}}]}},"_links":{"self":[{"href":"https:\/\/fullcircle.es\/en\/wp-json\/wp\/v2\/pages\/1192","targetHints":{"allow":["GET"]}}],"collection":[{"href":"https:\/\/fullcircle.es\/en\/wp-json\/wp\/v2\/pages"}],"about":[{"href":"https:\/\/fullcircle.es\/en\/wp-json\/wp\/v2\/types\/page"}],"author":[{"embeddable":true,"href":"https:\/\/fullcircle.es\/en\/wp-json\/wp\/v2\/users\/2"}],"replies":[{"embeddable":true,"href":"https:\/\/fullcircle.es\/en\/wp-json\/wp\/v2\/comments?post=1192"}],"version-history":[{"count":6,"href":"https:\/\/fullcircle.es\/en\/wp-json\/wp\/v2\/pages\/1192\/revisions"}],"predecessor-version":[{"id":1850,"href":"https:\/\/fullcircle.es\/en\/wp-json\/wp\/v2\/pages\/1192\/revisions\/1850"}],"up":[{"embeddable":true,"href":"https:\/\/fullcircle.es\/en\/wp-json\/wp\/v2\/pages\/726"}],"wp:attachment":[{"href":"https:\/\/fullcircle.es\/en\/wp-json\/wp\/v2\/media?parent=1192"}],"curies":[{"name":"wp","href":"https:\/\/api.w.org\/{rel}","templated":true}]}}