{"id":1202,"date":"2022-02-03T13:38:21","date_gmt":"2022-02-03T12:38:21","guid":{"rendered":"https:\/\/fullcircle.es\/?page_id=1202"},"modified":"2025-11-28T09:12:20","modified_gmt":"2025-11-28T08:12:20","slug":"business-intelligence-y-analitica","status":"publish","type":"page","link":"https:\/\/fullcircle.es\/en\/digitalizacion-de-pymes-kit-consulting\/business-intelligence-y-analitica\/","title":{"rendered":"Business Intelligence y Anal\u00edtica"},"content":{"rendered":"<h2>Panel de visualizaci\u00f3n de datos interactivo.<\/h2>\n<p class=\"block block-layout-builder block-field-blocknodesolution-packagetitle\"><strong>Accede a un panel de control \u00fanico que centralice y muestre de forma visual los datos de todas la fuentes de tu empresa para la mejora del proceso de toma de decisiones. <\/strong><\/p>\n<p class=\"block block-layout-builder block-field-blocknodesolution-packagetitle\">Seg\u00fan las necesidades de tu negocio, el origen y las fuentes de datos y las capacidades de tu equipo, propondremos la soluci\u00f3n de mercado que mejor resuelva vuestras necesidades. Tras la decisi\u00f3n la implantaremos, personalizaremos y ofreceremos una formaci\u00f3n para su explotaci\u00f3n.<\/p>\n","protected":false},"excerpt":{"rendered":"Panel de visualizaci\u00f3n de datos interactivo. Accede a un panel de control \u00fanico que centralice y muestre de forma visual los datos de todas la fuentes de tu empresa para la mejora del proceso de toma de decisiones. Seg\u00fan las necesidades de tu negocio, el origen y las fuentes de datos y las capacidades de [&hellip;]","protected":false},"author":2,"featured_media":0,"parent":726,"menu_order":0,"comment_status":"closed","ping_status":"closed","template":"templates\/kit-digital.php","meta":{"_acf_changed":false,"footnotes":""},"class_list":["post-1202","page","type-page","status-publish","hentry"],"acf":[],"yoast_head":"<!-- This site is optimized with the Yoast SEO plugin v26.7 - https:\/\/yoast.com\/wordpress\/plugins\/seo\/ -->\n<title>Business Intelligence y Anal\u00edtica | Fullcircle<\/title>\n<meta name=\"description\" content=\"Accede a un panel de control \u00fanico que centralice y muestre de forma visual los datos de tu empresa para la mejora del proceso de toma de decisiones.\" \/>\n<meta name=\"robots\" content=\"index, follow, max-snippet:-1, max-image-preview:large, max-video-preview:-1\" \/>\n<link rel=\"canonical\" href=\"https:\/\/fullcircle.es\/en\/digitalizacion-de-pymes-kit-consulting\/business-intelligence-y-analitica\/\" \/>\n<meta property=\"og:locale\" content=\"en_US\" \/>\n<meta property=\"og:type\" content=\"article\" \/>\n<meta property=\"og:title\" content=\"Business Intelligence y Anal\u00edtica | Fullcircle\" \/>\n<meta property=\"og:description\" content=\"Accede a un panel de control \u00fanico que centralice y muestre de forma visual los datos de tu empresa para la mejora del proceso de toma de decisiones.\" \/>\n<meta property=\"og:url\" content=\"https:\/\/fullcircle.es\/en\/digitalizacion-de-pymes-kit-consulting\/business-intelligence-y-analitica\/\" \/>\n<meta property=\"og:site_name\" content=\"Fullcircle\" \/>\n<meta property=\"article:modified_time\" content=\"2025-11-28T08:12:20+00:00\" \/>\n<meta name=\"twitter:card\" content=\"summary_large_image\" \/>\n<meta name=\"twitter:label1\" content=\"Est. reading time\" \/>\n\t<meta name=\"twitter:data1\" content=\"1 minute\" \/>\n<script type=\"application\/ld+json\" class=\"yoast-schema-graph\">{\"@context\":\"https:\/\/schema.org\",\"@graph\":[{\"@type\":\"WebPage\",\"@id\":\"https:\/\/fullcircle.es\/en\/digitalizacion-de-pymes-kit-consulting\/business-intelligence-y-analitica\/\",\"url\":\"https:\/\/fullcircle.es\/en\/digitalizacion-de-pymes-kit-consulting\/business-intelligence-y-analitica\/\",\"name\":\"Business Intelligence y Anal\u00edtica | Fullcircle\",\"isPartOf\":{\"@id\":\"https:\/\/fullcircle.es\/en\/#website\"},\"datePublished\":\"2022-02-03T12:38:21+00:00\",\"dateModified\":\"2025-11-28T08:12:20+00:00\",\"description\":\"Accede a un panel de control \u00fanico que centralice y muestre de forma visual los datos de tu empresa para la mejora del proceso de toma de decisiones.\",\"breadcrumb\":{\"@id\":\"https:\/\/fullcircle.es\/en\/digitalizacion-de-pymes-kit-consulting\/business-intelligence-y-analitica\/#breadcrumb\"},\"inLanguage\":\"en-US\",\"potentialAction\":[{\"@type\":\"ReadAction\",\"target\":[[\"https:\/\/fullcircle.es\/en\/digitalizacion-de-pymes-kit-consulting\/business-intelligence-y-analitica\/\"]]}]},{\"@type\":\"BreadcrumbList\",\"@id\":\"https:\/\/fullcircle.es\/en\/digitalizacion-de-pymes-kit-consulting\/business-intelligence-y-analitica\/#breadcrumb\",\"itemListElement\":[{\"@type\":\"ListItem\",\"position\":1,\"name\":\"Inicio\",\"item\":\"https:\/\/fullcircle.es\/en\/\"},{\"@type\":\"ListItem\",\"position\":2,\"name\":\"Digitalizaci\u00f3n de PYMES &#8211; KIT CONSULTING\",\"item\":\"https:\/\/fullcircle.es\/en\/digitalizacion-de-pymes-kit-consulting\/\"},{\"@type\":\"ListItem\",\"position\":3,\"name\":\"Business Intelligence y Anal\u00edtica\"}]},{\"@type\":\"WebSite\",\"@id\":\"https:\/\/fullcircle.es\/en\/#website\",\"url\":\"https:\/\/fullcircle.es\/en\/\",\"name\":\"Fullcircle\",\"description\":\"Digital design, development and transformation\",\"publisher\":{\"@id\":\"https:\/\/fullcircle.es\/en\/#organization\"},\"potentialAction\":[{\"@type\":\"SearchAction\",\"target\":{\"@type\":\"EntryPoint\",\"urlTemplate\":\"https:\/\/fullcircle.es\/en\/?s={search_term_string}\"},\"query-input\":{\"@type\":\"PropertyValueSpecification\",\"valueRequired\":true,\"valueName\":\"search_term_string\"}}],\"inLanguage\":\"en-US\"},{\"@type\":\"Organization\",\"@id\":\"https:\/\/fullcircle.es\/en\/#organization\",\"name\":\"Fullcircle\",\"url\":\"https:\/\/fullcircle.es\/en\/\",\"logo\":{\"@type\":\"ImageObject\",\"inLanguage\":\"en-US\",\"@id\":\"https:\/\/fullcircle.es\/en\/#\/schema\/logo\/image\/\",\"url\":\"https:\/\/fullcircle.es\/wp-content\/uploads\/2023\/09\/fullcircle-digital-transformation.png\",\"contentUrl\":\"https:\/\/fullcircle.es\/wp-content\/uploads\/2023\/09\/fullcircle-digital-transformation.png\",\"width\":1200,\"height\":408,\"caption\":\"Fullcircle\"},\"image\":{\"@id\":\"https:\/\/fullcircle.es\/en\/#\/schema\/logo\/image\/\"}}]}<\/script>\n<!-- \/ Yoast SEO plugin. -->","yoast_head_json":{"title":"Business Intelligence y Anal\u00edtica | Fullcircle","description":"Accede a un panel de control \u00fanico que centralice y muestre de forma visual los datos de tu empresa para la mejora del proceso de toma de decisiones.","robots":{"index":"index","follow":"follow","max-snippet":"max-snippet:-1","max-image-preview":"max-image-preview:large","max-video-preview":"max-video-preview:-1"},"canonical":"https:\/\/fullcircle.es\/en\/digitalizacion-de-pymes-kit-consulting\/business-intelligence-y-analitica\/","og_locale":"en_US","og_type":"article","og_title":"Business Intelligence y Anal\u00edtica | Fullcircle","og_description":"Accede a un panel de control \u00fanico que centralice y muestre de forma visual los datos de tu empresa para la mejora del proceso de toma de decisiones.","og_url":"https:\/\/fullcircle.es\/en\/digitalizacion-de-pymes-kit-consulting\/business-intelligence-y-analitica\/","og_site_name":"Fullcircle","article_modified_time":"2025-11-28T08:12:20+00:00","twitter_card":"summary_large_image","twitter_misc":{"Est. reading time":"1 minute"},"schema":{"@context":"https:\/\/schema.org","@graph":[{"@type":"WebPage","@id":"https:\/\/fullcircle.es\/en\/digitalizacion-de-pymes-kit-consulting\/business-intelligence-y-analitica\/","url":"https:\/\/fullcircle.es\/en\/digitalizacion-de-pymes-kit-consulting\/business-intelligence-y-analitica\/","name":"Business Intelligence y Anal\u00edtica | Fullcircle","isPartOf":{"@id":"https:\/\/fullcircle.es\/en\/#website"},"datePublished":"2022-02-03T12:38:21+00:00","dateModified":"2025-11-28T08:12:20+00:00","description":"Accede a un panel de control \u00fanico que centralice y muestre de forma visual los datos de tu empresa para la mejora del proceso de toma de decisiones.","breadcrumb":{"@id":"https:\/\/fullcircle.es\/en\/digitalizacion-de-pymes-kit-consulting\/business-intelligence-y-analitica\/#breadcrumb"},"inLanguage":"en-US","potentialAction":[{"@type":"ReadAction","target":[["https:\/\/fullcircle.es\/en\/digitalizacion-de-pymes-kit-consulting\/business-intelligence-y-analitica\/"]]}]},{"@type":"BreadcrumbList","@id":"https:\/\/fullcircle.es\/en\/digitalizacion-de-pymes-kit-consulting\/business-intelligence-y-analitica\/#breadcrumb","itemListElement":[{"@type":"ListItem","position":1,"name":"Inicio","item":"https:\/\/fullcircle.es\/en\/"},{"@type":"ListItem","position":2,"name":"Digitalizaci\u00f3n de PYMES &#8211; KIT CONSULTING","item":"https:\/\/fullcircle.es\/en\/digitalizacion-de-pymes-kit-consulting\/"},{"@type":"ListItem","position":3,"name":"Business Intelligence y Anal\u00edtica"}]},{"@type":"WebSite","@id":"https:\/\/fullcircle.es\/en\/#website","url":"https:\/\/fullcircle.es\/en\/","name":"Fullcircle","description":"Digital design, development and transformation","publisher":{"@id":"https:\/\/fullcircle.es\/en\/#organization"},"potentialAction":[{"@type":"SearchAction","target":{"@type":"EntryPoint","urlTemplate":"https:\/\/fullcircle.es\/en\/?s={search_term_string}"},"query-input":{"@type":"PropertyValueSpecification","valueRequired":true,"valueName":"search_term_string"}}],"inLanguage":"en-US"},{"@type":"Organization","@id":"https:\/\/fullcircle.es\/en\/#organization","name":"Fullcircle","url":"https:\/\/fullcircle.es\/en\/","logo":{"@type":"ImageObject","inLanguage":"en-US","@id":"https:\/\/fullcircle.es\/en\/#\/schema\/logo\/image\/","url":"https:\/\/fullcircle.es\/wp-content\/uploads\/2023\/09\/fullcircle-digital-transformation.png","contentUrl":"https:\/\/fullcircle.es\/wp-content\/uploads\/2023\/09\/fullcircle-digital-transformation.png","width":1200,"height":408,"caption":"Fullcircle"},"image":{"@id":"https:\/\/fullcircle.es\/en\/#\/schema\/logo\/image\/"}}]}},"_links":{"self":[{"href":"https:\/\/fullcircle.es\/en\/wp-json\/wp\/v2\/pages\/1202","targetHints":{"allow":["GET"]}}],"collection":[{"href":"https:\/\/fullcircle.es\/en\/wp-json\/wp\/v2\/pages"}],"about":[{"href":"https:\/\/fullcircle.es\/en\/wp-json\/wp\/v2\/types\/page"}],"author":[{"embeddable":true,"href":"https:\/\/fullcircle.es\/en\/wp-json\/wp\/v2\/users\/2"}],"replies":[{"embeddable":true,"href":"https:\/\/fullcircle.es\/en\/wp-json\/wp\/v2\/comments?post=1202"}],"version-history":[{"count":6,"href":"https:\/\/fullcircle.es\/en\/wp-json\/wp\/v2\/pages\/1202\/revisions"}],"predecessor-version":[{"id":1845,"href":"https:\/\/fullcircle.es\/en\/wp-json\/wp\/v2\/pages\/1202\/revisions\/1845"}],"up":[{"embeddable":true,"href":"https:\/\/fullcircle.es\/en\/wp-json\/wp\/v2\/pages\/726"}],"wp:attachment":[{"href":"https:\/\/fullcircle.es\/en\/wp-json\/wp\/v2\/media?parent=1202"}],"curies":[{"name":"wp","href":"https:\/\/api.w.org\/{rel}","templated":true}]}}