{"id":1210,"date":"2022-02-03T13:42:49","date_gmt":"2022-02-03T12:42:49","guid":{"rendered":"https:\/\/fullcircle.es\/?page_id=1210"},"modified":"2025-11-13T18:10:30","modified_gmt":"2025-11-13T17:10:30","slug":"presencia-en-internet","status":"publish","type":"page","link":"https:\/\/fullcircle.es\/en\/digitalizacion-de-pymes-kit-consulting\/presencia-en-internet\/","title":{"rendered":"Presencia en internet"},"content":{"rendered":"<h2>Dise\u00f1o y desarrollo de sitios web y apps m\u00f3viles<\/h2>\n<p><strong>Si todav\u00eda no tienes p\u00e1gina web de tu negocio o crees que necesitas mejorarla, te ofrecemos un servicio de consultor\u00eda, dise\u00f1o y desarrollo de la web.<\/strong><\/p>\n<p>Lo m\u00ednimo ser\u00e1 un proyecto sencillo; p\u00e1gina corporativa no transaccional donde presentar tu empresa y mostrar a tus clientes potenciales tus productos y servicios, para lograr presencia en internet, posicionamiento SEO y por tanto tr\u00e1fico.<\/p>\n<p>Si ya tienes cubierto eso o necesitas funcionalidades m\u00e1s complejas podemos desarrollar proyectos ocn ojetivosm\u00e1s sofisticados, como sistemas de generaci\u00f3n de leads con integraciones con CRM, \u00e1reas de contenidos complejos, \u00e1reas o servicios de formaci\u00f3n online, gesti\u00f3n de privilegios de usuarios, contenidos exclusivos para suscriptores, sistemas de suscripci\u00f3n a servicios o pago online y mucho m\u00e1s.<\/p>\n<p>Si lo que buscas es dar un paso m\u00e1s y crear contacto con tu usuario constante, podemos desarrollar App m\u00f3viles y otras soluciones digitales.<\/p>\n<p>&nbsp;<\/p>\n","protected":false},"excerpt":{"rendered":"Dise\u00f1o y desarrollo de sitios web y apps m\u00f3viles Si todav\u00eda no tienes p\u00e1gina web de tu negocio o crees que necesitas mejorarla, te ofrecemos un servicio de consultor\u00eda, dise\u00f1o y desarrollo de la web. Lo m\u00ednimo ser\u00e1 un proyecto sencillo; p\u00e1gina corporativa no transaccional donde presentar tu empresa y mostrar a tus clientes potenciales [&hellip;]","protected":false},"author":2,"featured_media":0,"parent":726,"menu_order":0,"comment_status":"closed","ping_status":"closed","template":"templates\/kit-digital.php","meta":{"_acf_changed":false,"footnotes":""},"class_list":["post-1210","page","type-page","status-publish","hentry"],"acf":[],"yoast_head":"<!-- This site is optimized with the Yoast SEO plugin v26.7 - https:\/\/yoast.com\/wordpress\/plugins\/seo\/ -->\n<title>Presencia en internet | Fullcircle<\/title>\n<meta name=\"description\" content=\"Si todav\u00eda no tienes p\u00e1gina web de tu negocio o crees que necesitas mejorarla, te ofrecemos un servicio de consultor\u00eda, dise\u00f1o y desarrollo de la web.\" \/>\n<meta name=\"robots\" content=\"index, follow, max-snippet:-1, max-image-preview:large, max-video-preview:-1\" \/>\n<link rel=\"canonical\" href=\"https:\/\/fullcircle.es\/en\/digitalizacion-de-pymes-kit-consulting\/presencia-en-internet\/\" \/>\n<meta property=\"og:locale\" content=\"en_US\" \/>\n<meta property=\"og:type\" content=\"article\" \/>\n<meta property=\"og:title\" content=\"Presencia en internet | Fullcircle\" \/>\n<meta property=\"og:description\" content=\"Si todav\u00eda no tienes p\u00e1gina web de tu negocio o crees que necesitas mejorarla, te ofrecemos un servicio de consultor\u00eda, dise\u00f1o y desarrollo de la web.\" \/>\n<meta property=\"og:url\" content=\"https:\/\/fullcircle.es\/en\/digitalizacion-de-pymes-kit-consulting\/presencia-en-internet\/\" \/>\n<meta property=\"og:site_name\" content=\"Fullcircle\" \/>\n<meta property=\"article:modified_time\" content=\"2025-11-13T17:10:30+00:00\" \/>\n<meta name=\"twitter:card\" content=\"summary_large_image\" \/>\n<meta name=\"twitter:label1\" content=\"Est. reading time\" \/>\n\t<meta name=\"twitter:data1\" content=\"1 minute\" \/>\n<script type=\"application\/ld+json\" class=\"yoast-schema-graph\">{\"@context\":\"https:\/\/schema.org\",\"@graph\":[{\"@type\":\"WebPage\",\"@id\":\"https:\/\/fullcircle.es\/en\/digitalizacion-de-pymes-kit-consulting\/presencia-en-internet\/\",\"url\":\"https:\/\/fullcircle.es\/en\/digitalizacion-de-pymes-kit-consulting\/presencia-en-internet\/\",\"name\":\"Presencia en internet | Fullcircle\",\"isPartOf\":{\"@id\":\"https:\/\/fullcircle.es\/en\/#website\"},\"datePublished\":\"2022-02-03T12:42:49+00:00\",\"dateModified\":\"2025-11-13T17:10:30+00:00\",\"description\":\"Si todav\u00eda no tienes p\u00e1gina web de tu negocio o crees que necesitas mejorarla, te ofrecemos un servicio de consultor\u00eda, dise\u00f1o y desarrollo de la web.\",\"breadcrumb\":{\"@id\":\"https:\/\/fullcircle.es\/en\/digitalizacion-de-pymes-kit-consulting\/presencia-en-internet\/#breadcrumb\"},\"inLanguage\":\"en-US\",\"potentialAction\":[{\"@type\":\"ReadAction\",\"target\":[[\"https:\/\/fullcircle.es\/en\/digitalizacion-de-pymes-kit-consulting\/presencia-en-internet\/\"]]}]},{\"@type\":\"BreadcrumbList\",\"@id\":\"https:\/\/fullcircle.es\/en\/digitalizacion-de-pymes-kit-consulting\/presencia-en-internet\/#breadcrumb\",\"itemListElement\":[{\"@type\":\"ListItem\",\"position\":1,\"name\":\"Inicio\",\"item\":\"https:\/\/fullcircle.es\/en\/\"},{\"@type\":\"ListItem\",\"position\":2,\"name\":\"Digitalizaci\u00f3n de PYMES &#8211; KIT CONSULTING\",\"item\":\"https:\/\/fullcircle.es\/en\/digitalizacion-de-pymes-kit-consulting\/\"},{\"@type\":\"ListItem\",\"position\":3,\"name\":\"Presencia en internet\"}]},{\"@type\":\"WebSite\",\"@id\":\"https:\/\/fullcircle.es\/en\/#website\",\"url\":\"https:\/\/fullcircle.es\/en\/\",\"name\":\"Fullcircle\",\"description\":\"Digital design, development and transformation\",\"publisher\":{\"@id\":\"https:\/\/fullcircle.es\/en\/#organization\"},\"potentialAction\":[{\"@type\":\"SearchAction\",\"target\":{\"@type\":\"EntryPoint\",\"urlTemplate\":\"https:\/\/fullcircle.es\/en\/?s={search_term_string}\"},\"query-input\":{\"@type\":\"PropertyValueSpecification\",\"valueRequired\":true,\"valueName\":\"search_term_string\"}}],\"inLanguage\":\"en-US\"},{\"@type\":\"Organization\",\"@id\":\"https:\/\/fullcircle.es\/en\/#organization\",\"name\":\"Fullcircle\",\"url\":\"https:\/\/fullcircle.es\/en\/\",\"logo\":{\"@type\":\"ImageObject\",\"inLanguage\":\"en-US\",\"@id\":\"https:\/\/fullcircle.es\/en\/#\/schema\/logo\/image\/\",\"url\":\"https:\/\/fullcircle.es\/wp-content\/uploads\/2023\/09\/fullcircle-digital-transformation.png\",\"contentUrl\":\"https:\/\/fullcircle.es\/wp-content\/uploads\/2023\/09\/fullcircle-digital-transformation.png\",\"width\":1200,\"height\":408,\"caption\":\"Fullcircle\"},\"image\":{\"@id\":\"https:\/\/fullcircle.es\/en\/#\/schema\/logo\/image\/\"}}]}<\/script>\n<!-- \/ Yoast SEO plugin. -->","yoast_head_json":{"title":"Presencia en internet | Fullcircle","description":"Si todav\u00eda no tienes p\u00e1gina web de tu negocio o crees que necesitas mejorarla, te ofrecemos un servicio de consultor\u00eda, dise\u00f1o y desarrollo de la web.","robots":{"index":"index","follow":"follow","max-snippet":"max-snippet:-1","max-image-preview":"max-image-preview:large","max-video-preview":"max-video-preview:-1"},"canonical":"https:\/\/fullcircle.es\/en\/digitalizacion-de-pymes-kit-consulting\/presencia-en-internet\/","og_locale":"en_US","og_type":"article","og_title":"Presencia en internet | Fullcircle","og_description":"Si todav\u00eda no tienes p\u00e1gina web de tu negocio o crees que necesitas mejorarla, te ofrecemos un servicio de consultor\u00eda, dise\u00f1o y desarrollo de la web.","og_url":"https:\/\/fullcircle.es\/en\/digitalizacion-de-pymes-kit-consulting\/presencia-en-internet\/","og_site_name":"Fullcircle","article_modified_time":"2025-11-13T17:10:30+00:00","twitter_card":"summary_large_image","twitter_misc":{"Est. reading time":"1 minute"},"schema":{"@context":"https:\/\/schema.org","@graph":[{"@type":"WebPage","@id":"https:\/\/fullcircle.es\/en\/digitalizacion-de-pymes-kit-consulting\/presencia-en-internet\/","url":"https:\/\/fullcircle.es\/en\/digitalizacion-de-pymes-kit-consulting\/presencia-en-internet\/","name":"Presencia en internet | Fullcircle","isPartOf":{"@id":"https:\/\/fullcircle.es\/en\/#website"},"datePublished":"2022-02-03T12:42:49+00:00","dateModified":"2025-11-13T17:10:30+00:00","description":"Si todav\u00eda no tienes p\u00e1gina web de tu negocio o crees que necesitas mejorarla, te ofrecemos un servicio de consultor\u00eda, dise\u00f1o y desarrollo de la web.","breadcrumb":{"@id":"https:\/\/fullcircle.es\/en\/digitalizacion-de-pymes-kit-consulting\/presencia-en-internet\/#breadcrumb"},"inLanguage":"en-US","potentialAction":[{"@type":"ReadAction","target":[["https:\/\/fullcircle.es\/en\/digitalizacion-de-pymes-kit-consulting\/presencia-en-internet\/"]]}]},{"@type":"BreadcrumbList","@id":"https:\/\/fullcircle.es\/en\/digitalizacion-de-pymes-kit-consulting\/presencia-en-internet\/#breadcrumb","itemListElement":[{"@type":"ListItem","position":1,"name":"Inicio","item":"https:\/\/fullcircle.es\/en\/"},{"@type":"ListItem","position":2,"name":"Digitalizaci\u00f3n de PYMES &#8211; KIT CONSULTING","item":"https:\/\/fullcircle.es\/en\/digitalizacion-de-pymes-kit-consulting\/"},{"@type":"ListItem","position":3,"name":"Presencia en internet"}]},{"@type":"WebSite","@id":"https:\/\/fullcircle.es\/en\/#website","url":"https:\/\/fullcircle.es\/en\/","name":"Fullcircle","description":"Digital design, development and transformation","publisher":{"@id":"https:\/\/fullcircle.es\/en\/#organization"},"potentialAction":[{"@type":"SearchAction","target":{"@type":"EntryPoint","urlTemplate":"https:\/\/fullcircle.es\/en\/?s={search_term_string}"},"query-input":{"@type":"PropertyValueSpecification","valueRequired":true,"valueName":"search_term_string"}}],"inLanguage":"en-US"},{"@type":"Organization","@id":"https:\/\/fullcircle.es\/en\/#organization","name":"Fullcircle","url":"https:\/\/fullcircle.es\/en\/","logo":{"@type":"ImageObject","inLanguage":"en-US","@id":"https:\/\/fullcircle.es\/en\/#\/schema\/logo\/image\/","url":"https:\/\/fullcircle.es\/wp-content\/uploads\/2023\/09\/fullcircle-digital-transformation.png","contentUrl":"https:\/\/fullcircle.es\/wp-content\/uploads\/2023\/09\/fullcircle-digital-transformation.png","width":1200,"height":408,"caption":"Fullcircle"},"image":{"@id":"https:\/\/fullcircle.es\/en\/#\/schema\/logo\/image\/"}}]}},"_links":{"self":[{"href":"https:\/\/fullcircle.es\/en\/wp-json\/wp\/v2\/pages\/1210","targetHints":{"allow":["GET"]}}],"collection":[{"href":"https:\/\/fullcircle.es\/en\/wp-json\/wp\/v2\/pages"}],"about":[{"href":"https:\/\/fullcircle.es\/en\/wp-json\/wp\/v2\/types\/page"}],"author":[{"embeddable":true,"href":"https:\/\/fullcircle.es\/en\/wp-json\/wp\/v2\/users\/2"}],"replies":[{"embeddable":true,"href":"https:\/\/fullcircle.es\/en\/wp-json\/wp\/v2\/comments?post=1210"}],"version-history":[{"count":5,"href":"https:\/\/fullcircle.es\/en\/wp-json\/wp\/v2\/pages\/1210\/revisions"}],"predecessor-version":[{"id":1283,"href":"https:\/\/fullcircle.es\/en\/wp-json\/wp\/v2\/pages\/1210\/revisions\/1283"}],"up":[{"embeddable":true,"href":"https:\/\/fullcircle.es\/en\/wp-json\/wp\/v2\/pages\/726"}],"wp:attachment":[{"href":"https:\/\/fullcircle.es\/en\/wp-json\/wp\/v2\/media?parent=1210"}],"curies":[{"name":"wp","href":"https:\/\/api.w.org\/{rel}","templated":true}]}}