{"id":1215,"date":"2022-02-03T13:56:05","date_gmt":"2022-02-03T12:56:05","guid":{"rendered":"https:\/\/fullcircle.es\/?page_id=1215"},"modified":"2025-11-28T09:16:50","modified_gmt":"2025-11-28T08:16:50","slug":"gestion-de-redes-sociales","status":"publish","type":"page","link":"https:\/\/fullcircle.es\/en\/digitalizacion-de-pymes-kit-consulting\/gestion-de-redes-sociales\/","title":{"rendered":"Gesti\u00f3n de redes sociales"},"content":{"rendered":"<h2>Estrategia y publicaci\u00f3n de contenidos<\/h2>\n<p><strong>La presencia en redes sociales te ayudar\u00e1 a crear una conversaci\u00f3n con tus clientes, actuales y futuros, explicar tus propuesta de valor, mostrar tus productos y servicios de una forma m\u00e1s cercana.<\/strong><\/p>\n<p>Esto mejora la imagen de tu empresa y su reputaci\u00f3n, genera nuevos contactos y facilita que tus clientes te encuentren.<\/p>\n<p>Para lograr estos objetivos haremos una consultor\u00eda previa con los siguientes pasos para <strong>definir la estrategia en redes sociales<\/strong>:<\/p>\n<ul>\n<li>An\u00e1lisis de tu p\u00fablico para seleccionar las redes sociales m\u00e1s interesantes.<\/li>\n<li>Definiremos el tono de los mensajes y el tipo de publicaciones.<\/li>\n<li>Idearemos las mejores mec\u00e1nicas para lograr la interacci\u00f3n y respuesta de tu p\u00fablico<\/li>\n<li>Elaboraremos un calendario editorial predefiniendo la cadencia de las publicaciones y el tipo de contenido<\/li>\n<li>Por \u00faltimo, crearemos unas plantillas seg\u00fan el tipo de publicaci\u00f3n para dar consistencia visual al perfil.<\/li>\n<\/ul>\n<p>Una vez definida la estrategia, nuestro encargado concertar\u00e1 reuniones peri\u00f3dicas con tu equipo para planificar esos contenidos y os asignar\u00e1 tareas como tomar fotograf\u00edas, compartir programas de eventos o agendar acciones. de forma que se puede generar el contenido a publicar, que siempre debe surgir de dentro de la empresa.<\/p>\n<p>Adem\u00e1s habr\u00e1 un informe mensual con el resultado de las acciones para poder tomar decisiones sobre las siguientes acciones y objetivos<\/p>\n<p>&nbsp;<\/p>\n","protected":false},"excerpt":{"rendered":"Estrategia y publicaci\u00f3n de contenidos La presencia en redes sociales te ayudar\u00e1 a crear una conversaci\u00f3n con tus clientes, actuales y futuros, explicar tus propuesta de valor, mostrar tus productos y servicios de una forma m\u00e1s cercana. Esto mejora la imagen de tu empresa y su reputaci\u00f3n, genera nuevos contactos y facilita que tus clientes [&hellip;]","protected":false},"author":2,"featured_media":0,"parent":726,"menu_order":0,"comment_status":"closed","ping_status":"closed","template":"templates\/kit-digital.php","meta":{"_acf_changed":false,"footnotes":""},"class_list":["post-1215","page","type-page","status-publish","hentry"],"acf":[],"yoast_head":"<!-- This site is optimized with the Yoast SEO plugin v26.7 - https:\/\/yoast.com\/wordpress\/plugins\/seo\/ -->\n<title>Gesti\u00f3n de redes sociales | Fullcircle<\/title>\n<meta name=\"description\" content=\"La presencia en redes sociales te ayudar\u00e1 a crear una conversaci\u00f3n con tus clientes, actuales y futuros, de una forma m\u00e1s cercana.\" \/>\n<meta name=\"robots\" content=\"index, follow, max-snippet:-1, max-image-preview:large, max-video-preview:-1\" \/>\n<link rel=\"canonical\" href=\"https:\/\/fullcircle.es\/en\/digitalizacion-de-pymes-kit-consulting\/gestion-de-redes-sociales\/\" \/>\n<meta property=\"og:locale\" content=\"en_US\" \/>\n<meta property=\"og:type\" content=\"article\" \/>\n<meta property=\"og:title\" content=\"Gesti\u00f3n de redes sociales | Fullcircle\" \/>\n<meta property=\"og:description\" content=\"La presencia en redes sociales te ayudar\u00e1 a crear una conversaci\u00f3n con tus clientes, actuales y futuros, de una forma m\u00e1s cercana.\" \/>\n<meta property=\"og:url\" content=\"https:\/\/fullcircle.es\/en\/digitalizacion-de-pymes-kit-consulting\/gestion-de-redes-sociales\/\" \/>\n<meta property=\"og:site_name\" content=\"Fullcircle\" \/>\n<meta property=\"article:modified_time\" content=\"2025-11-28T08:16:50+00:00\" \/>\n<meta name=\"twitter:card\" content=\"summary_large_image\" \/>\n<meta name=\"twitter:label1\" content=\"Est. reading time\" \/>\n\t<meta name=\"twitter:data1\" content=\"1 minute\" \/>\n<script type=\"application\/ld+json\" class=\"yoast-schema-graph\">{\"@context\":\"https:\/\/schema.org\",\"@graph\":[{\"@type\":\"WebPage\",\"@id\":\"https:\/\/fullcircle.es\/en\/digitalizacion-de-pymes-kit-consulting\/gestion-de-redes-sociales\/\",\"url\":\"https:\/\/fullcircle.es\/en\/digitalizacion-de-pymes-kit-consulting\/gestion-de-redes-sociales\/\",\"name\":\"Gesti\u00f3n de redes sociales | Fullcircle\",\"isPartOf\":{\"@id\":\"https:\/\/fullcircle.es\/en\/#website\"},\"datePublished\":\"2022-02-03T12:56:05+00:00\",\"dateModified\":\"2025-11-28T08:16:50+00:00\",\"description\":\"La presencia en redes sociales te ayudar\u00e1 a crear una conversaci\u00f3n con tus clientes, actuales y futuros, de una forma m\u00e1s cercana.\",\"breadcrumb\":{\"@id\":\"https:\/\/fullcircle.es\/en\/digitalizacion-de-pymes-kit-consulting\/gestion-de-redes-sociales\/#breadcrumb\"},\"inLanguage\":\"en-US\",\"potentialAction\":[{\"@type\":\"ReadAction\",\"target\":[[\"https:\/\/fullcircle.es\/en\/digitalizacion-de-pymes-kit-consulting\/gestion-de-redes-sociales\/\"]]}]},{\"@type\":\"BreadcrumbList\",\"@id\":\"https:\/\/fullcircle.es\/en\/digitalizacion-de-pymes-kit-consulting\/gestion-de-redes-sociales\/#breadcrumb\",\"itemListElement\":[{\"@type\":\"ListItem\",\"position\":1,\"name\":\"Inicio\",\"item\":\"https:\/\/fullcircle.es\/en\/\"},{\"@type\":\"ListItem\",\"position\":2,\"name\":\"Digitalizaci\u00f3n de PYMES &#8211; KIT CONSULTING\",\"item\":\"https:\/\/fullcircle.es\/en\/digitalizacion-de-pymes-kit-consulting\/\"},{\"@type\":\"ListItem\",\"position\":3,\"name\":\"Gesti\u00f3n de redes sociales\"}]},{\"@type\":\"WebSite\",\"@id\":\"https:\/\/fullcircle.es\/en\/#website\",\"url\":\"https:\/\/fullcircle.es\/en\/\",\"name\":\"Fullcircle\",\"description\":\"Digital design, development and transformation\",\"publisher\":{\"@id\":\"https:\/\/fullcircle.es\/en\/#organization\"},\"potentialAction\":[{\"@type\":\"SearchAction\",\"target\":{\"@type\":\"EntryPoint\",\"urlTemplate\":\"https:\/\/fullcircle.es\/en\/?s={search_term_string}\"},\"query-input\":{\"@type\":\"PropertyValueSpecification\",\"valueRequired\":true,\"valueName\":\"search_term_string\"}}],\"inLanguage\":\"en-US\"},{\"@type\":\"Organization\",\"@id\":\"https:\/\/fullcircle.es\/en\/#organization\",\"name\":\"Fullcircle\",\"url\":\"https:\/\/fullcircle.es\/en\/\",\"logo\":{\"@type\":\"ImageObject\",\"inLanguage\":\"en-US\",\"@id\":\"https:\/\/fullcircle.es\/en\/#\/schema\/logo\/image\/\",\"url\":\"https:\/\/fullcircle.es\/wp-content\/uploads\/2023\/09\/fullcircle-digital-transformation.png\",\"contentUrl\":\"https:\/\/fullcircle.es\/wp-content\/uploads\/2023\/09\/fullcircle-digital-transformation.png\",\"width\":1200,\"height\":408,\"caption\":\"Fullcircle\"},\"image\":{\"@id\":\"https:\/\/fullcircle.es\/en\/#\/schema\/logo\/image\/\"}}]}<\/script>\n<!-- \/ Yoast SEO plugin. -->","yoast_head_json":{"title":"Gesti\u00f3n de redes sociales | Fullcircle","description":"La presencia en redes sociales te ayudar\u00e1 a crear una conversaci\u00f3n con tus clientes, actuales y futuros, de una forma m\u00e1s cercana.","robots":{"index":"index","follow":"follow","max-snippet":"max-snippet:-1","max-image-preview":"max-image-preview:large","max-video-preview":"max-video-preview:-1"},"canonical":"https:\/\/fullcircle.es\/en\/digitalizacion-de-pymes-kit-consulting\/gestion-de-redes-sociales\/","og_locale":"en_US","og_type":"article","og_title":"Gesti\u00f3n de redes sociales | Fullcircle","og_description":"La presencia en redes sociales te ayudar\u00e1 a crear una conversaci\u00f3n con tus clientes, actuales y futuros, de una forma m\u00e1s cercana.","og_url":"https:\/\/fullcircle.es\/en\/digitalizacion-de-pymes-kit-consulting\/gestion-de-redes-sociales\/","og_site_name":"Fullcircle","article_modified_time":"2025-11-28T08:16:50+00:00","twitter_card":"summary_large_image","twitter_misc":{"Est. reading time":"1 minute"},"schema":{"@context":"https:\/\/schema.org","@graph":[{"@type":"WebPage","@id":"https:\/\/fullcircle.es\/en\/digitalizacion-de-pymes-kit-consulting\/gestion-de-redes-sociales\/","url":"https:\/\/fullcircle.es\/en\/digitalizacion-de-pymes-kit-consulting\/gestion-de-redes-sociales\/","name":"Gesti\u00f3n de redes sociales | Fullcircle","isPartOf":{"@id":"https:\/\/fullcircle.es\/en\/#website"},"datePublished":"2022-02-03T12:56:05+00:00","dateModified":"2025-11-28T08:16:50+00:00","description":"La presencia en redes sociales te ayudar\u00e1 a crear una conversaci\u00f3n con tus clientes, actuales y futuros, de una forma m\u00e1s cercana.","breadcrumb":{"@id":"https:\/\/fullcircle.es\/en\/digitalizacion-de-pymes-kit-consulting\/gestion-de-redes-sociales\/#breadcrumb"},"inLanguage":"en-US","potentialAction":[{"@type":"ReadAction","target":[["https:\/\/fullcircle.es\/en\/digitalizacion-de-pymes-kit-consulting\/gestion-de-redes-sociales\/"]]}]},{"@type":"BreadcrumbList","@id":"https:\/\/fullcircle.es\/en\/digitalizacion-de-pymes-kit-consulting\/gestion-de-redes-sociales\/#breadcrumb","itemListElement":[{"@type":"ListItem","position":1,"name":"Inicio","item":"https:\/\/fullcircle.es\/en\/"},{"@type":"ListItem","position":2,"name":"Digitalizaci\u00f3n de PYMES &#8211; KIT CONSULTING","item":"https:\/\/fullcircle.es\/en\/digitalizacion-de-pymes-kit-consulting\/"},{"@type":"ListItem","position":3,"name":"Gesti\u00f3n de redes sociales"}]},{"@type":"WebSite","@id":"https:\/\/fullcircle.es\/en\/#website","url":"https:\/\/fullcircle.es\/en\/","name":"Fullcircle","description":"Digital design, development and transformation","publisher":{"@id":"https:\/\/fullcircle.es\/en\/#organization"},"potentialAction":[{"@type":"SearchAction","target":{"@type":"EntryPoint","urlTemplate":"https:\/\/fullcircle.es\/en\/?s={search_term_string}"},"query-input":{"@type":"PropertyValueSpecification","valueRequired":true,"valueName":"search_term_string"}}],"inLanguage":"en-US"},{"@type":"Organization","@id":"https:\/\/fullcircle.es\/en\/#organization","name":"Fullcircle","url":"https:\/\/fullcircle.es\/en\/","logo":{"@type":"ImageObject","inLanguage":"en-US","@id":"https:\/\/fullcircle.es\/en\/#\/schema\/logo\/image\/","url":"https:\/\/fullcircle.es\/wp-content\/uploads\/2023\/09\/fullcircle-digital-transformation.png","contentUrl":"https:\/\/fullcircle.es\/wp-content\/uploads\/2023\/09\/fullcircle-digital-transformation.png","width":1200,"height":408,"caption":"Fullcircle"},"image":{"@id":"https:\/\/fullcircle.es\/en\/#\/schema\/logo\/image\/"}}]}},"_links":{"self":[{"href":"https:\/\/fullcircle.es\/en\/wp-json\/wp\/v2\/pages\/1215","targetHints":{"allow":["GET"]}}],"collection":[{"href":"https:\/\/fullcircle.es\/en\/wp-json\/wp\/v2\/pages"}],"about":[{"href":"https:\/\/fullcircle.es\/en\/wp-json\/wp\/v2\/types\/page"}],"author":[{"embeddable":true,"href":"https:\/\/fullcircle.es\/en\/wp-json\/wp\/v2\/users\/2"}],"replies":[{"embeddable":true,"href":"https:\/\/fullcircle.es\/en\/wp-json\/wp\/v2\/comments?post=1215"}],"version-history":[{"count":6,"href":"https:\/\/fullcircle.es\/en\/wp-json\/wp\/v2\/pages\/1215\/revisions"}],"predecessor-version":[{"id":1851,"href":"https:\/\/fullcircle.es\/en\/wp-json\/wp\/v2\/pages\/1215\/revisions\/1851"}],"up":[{"embeddable":true,"href":"https:\/\/fullcircle.es\/en\/wp-json\/wp\/v2\/pages\/726"}],"wp:attachment":[{"href":"https:\/\/fullcircle.es\/en\/wp-json\/wp\/v2\/media?parent=1215"}],"curies":[{"name":"wp","href":"https:\/\/api.w.org\/{rel}","templated":true}]}}