{"id":1309,"date":"2022-09-19T16:43:14","date_gmt":"2022-09-19T14:43:14","guid":{"rendered":"https:\/\/fullcircle.es\/?page_id=1309"},"modified":"2025-11-28T09:17:51","modified_gmt":"2025-11-28T08:17:51","slug":"presencia-avanzada-en-internet","status":"publish","type":"page","link":"https:\/\/fullcircle.es\/en\/digitalizacion-de-pymes-kit-consulting\/presencia-avanzada-en-internet\/","title":{"rendered":"Presencia avanzada en internet"},"content":{"rendered":"<p>Mejora el rendimiento y visibilidad de tu sitio web con acciones de SEO y SEM. La soluci\u00f3n recogida por el bono del kit digital debe incluir los siguientes puntos:<\/p>\n<ul>\n<li><strong>Posicionamiento b\u00e1sico en internet:<\/strong> la soluci\u00f3n deber\u00e1 posicionar la informaci\u00f3n b\u00e1sica del negocio, contacto y perfil de tu empresa en los principales sites, redes de negocio o directorios de empresas y profesionales.<\/li>\n<li><strong>An\u00e1lisis de palabras clave:<\/strong> Gesti\u00f3n, b\u00fasqueda y an\u00e1lisis de palabras clave con el fin de desarrollar estrategias \u00fatiles para que los buscadores clasifiquen el contenido y ayuden a los usuarios a encontrar resultados relevantes para sus consultas.<\/li>\n<li><strong>An\u00e1lisis de la competencia:<\/strong> la soluci\u00f3n incluye un an\u00e1lisis mensual de la competencia para informarte de tu situaci\u00f3n frente a otros competidores.<\/li>\n<li><strong>SEO On-Page:<\/strong> la soluci\u00f3n debe ofrecer un servicio m\u00ednimo de dos p\u00e1ginas o apartados SEO On-Page, optimizando la estructura y el contenido interno para mejorar la posici\u00f3n natural de tu pyme en buscadores, as\u00ed como la indexaci\u00f3n y jerarquizaci\u00f3n del contenido.<\/li>\n<li><strong>SEO Off-Page:<\/strong> la soluci\u00f3n deber\u00e1 proveer este servicio, que conllevar\u00e1 la ejecuci\u00f3n de acciones fuera del entorno del sitio web para mejorar tu posicionamiento org\u00e1nico.<\/li>\n<li><strong>Informes mensuales de seguimiento:<\/strong> la soluci\u00f3n incluye un reporte mensual de los resultados de las acciones ejecutadas para generar consciencia de la evoluci\u00f3n y la repercusi\u00f3n de las mismas en la presencia en internet de tu negocio.<\/li>\n<\/ul>\n","protected":false},"excerpt":{"rendered":"Mejora el rendimiento y visibilidad de tu sitio web con acciones de SEO y SEM. La soluci\u00f3n recogida por el bono del kit digital debe incluir los siguientes puntos: Posicionamiento b\u00e1sico en internet: la soluci\u00f3n deber\u00e1 posicionar la informaci\u00f3n b\u00e1sica del negocio, contacto y perfil de tu empresa en los principales sites, redes de negocio [&hellip;]","protected":false},"author":2,"featured_media":0,"parent":726,"menu_order":0,"comment_status":"closed","ping_status":"closed","template":"templates\/kit-digital.php","meta":{"_acf_changed":false,"footnotes":""},"class_list":["post-1309","page","type-page","status-publish","hentry"],"acf":[],"yoast_head":"<!-- This site is optimized with the Yoast SEO plugin v26.7 - https:\/\/yoast.com\/wordpress\/plugins\/seo\/ -->\n<title>Presencia avanzada en internet | Fullcircle<\/title>\n<meta name=\"robots\" content=\"index, follow, max-snippet:-1, max-image-preview:large, max-video-preview:-1\" \/>\n<link rel=\"canonical\" href=\"https:\/\/fullcircle.es\/en\/digitalizacion-de-pymes-kit-consulting\/presencia-avanzada-en-internet\/\" \/>\n<meta property=\"og:locale\" content=\"en_US\" \/>\n<meta property=\"og:type\" content=\"article\" \/>\n<meta property=\"og:title\" content=\"Presencia avanzada en internet | Fullcircle\" \/>\n<meta property=\"og:description\" content=\"Mejora el rendimiento y visibilidad de tu sitio web con acciones de SEO y SEM. La soluci\u00f3n recogida por el bono del kit digital debe incluir los siguientes puntos: Posicionamiento b\u00e1sico en internet: la soluci\u00f3n deber\u00e1 posicionar la informaci\u00f3n b\u00e1sica del negocio, contacto y perfil de tu empresa en los principales sites, redes de negocio [&hellip;]\" \/>\n<meta property=\"og:url\" content=\"https:\/\/fullcircle.es\/en\/digitalizacion-de-pymes-kit-consulting\/presencia-avanzada-en-internet\/\" \/>\n<meta property=\"og:site_name\" content=\"Fullcircle\" \/>\n<meta property=\"article:modified_time\" content=\"2025-11-28T08:17:51+00:00\" \/>\n<meta name=\"twitter:card\" content=\"summary_large_image\" \/>\n<meta name=\"twitter:label1\" content=\"Est. reading time\" \/>\n\t<meta name=\"twitter:data1\" content=\"2 minutes\" \/>\n<script type=\"application\/ld+json\" class=\"yoast-schema-graph\">{\"@context\":\"https:\/\/schema.org\",\"@graph\":[{\"@type\":\"WebPage\",\"@id\":\"https:\/\/fullcircle.es\/en\/digitalizacion-de-pymes-kit-consulting\/presencia-avanzada-en-internet\/\",\"url\":\"https:\/\/fullcircle.es\/en\/digitalizacion-de-pymes-kit-consulting\/presencia-avanzada-en-internet\/\",\"name\":\"Presencia avanzada en internet | Fullcircle\",\"isPartOf\":{\"@id\":\"https:\/\/fullcircle.es\/en\/#website\"},\"datePublished\":\"2022-09-19T14:43:14+00:00\",\"dateModified\":\"2025-11-28T08:17:51+00:00\",\"breadcrumb\":{\"@id\":\"https:\/\/fullcircle.es\/en\/digitalizacion-de-pymes-kit-consulting\/presencia-avanzada-en-internet\/#breadcrumb\"},\"inLanguage\":\"en-US\",\"potentialAction\":[{\"@type\":\"ReadAction\",\"target\":[[\"https:\/\/fullcircle.es\/en\/digitalizacion-de-pymes-kit-consulting\/presencia-avanzada-en-internet\/\"]]}]},{\"@type\":\"BreadcrumbList\",\"@id\":\"https:\/\/fullcircle.es\/en\/digitalizacion-de-pymes-kit-consulting\/presencia-avanzada-en-internet\/#breadcrumb\",\"itemListElement\":[{\"@type\":\"ListItem\",\"position\":1,\"name\":\"Inicio\",\"item\":\"https:\/\/fullcircle.es\/en\/\"},{\"@type\":\"ListItem\",\"position\":2,\"name\":\"Digitalizaci\u00f3n de PYMES &#8211; KIT CONSULTING\",\"item\":\"https:\/\/fullcircle.es\/en\/digitalizacion-de-pymes-kit-consulting\/\"},{\"@type\":\"ListItem\",\"position\":3,\"name\":\"Presencia avanzada en internet\"}]},{\"@type\":\"WebSite\",\"@id\":\"https:\/\/fullcircle.es\/en\/#website\",\"url\":\"https:\/\/fullcircle.es\/en\/\",\"name\":\"Fullcircle\",\"description\":\"Digital design, development and transformation\",\"publisher\":{\"@id\":\"https:\/\/fullcircle.es\/en\/#organization\"},\"potentialAction\":[{\"@type\":\"SearchAction\",\"target\":{\"@type\":\"EntryPoint\",\"urlTemplate\":\"https:\/\/fullcircle.es\/en\/?s={search_term_string}\"},\"query-input\":{\"@type\":\"PropertyValueSpecification\",\"valueRequired\":true,\"valueName\":\"search_term_string\"}}],\"inLanguage\":\"en-US\"},{\"@type\":\"Organization\",\"@id\":\"https:\/\/fullcircle.es\/en\/#organization\",\"name\":\"Fullcircle\",\"url\":\"https:\/\/fullcircle.es\/en\/\",\"logo\":{\"@type\":\"ImageObject\",\"inLanguage\":\"en-US\",\"@id\":\"https:\/\/fullcircle.es\/en\/#\/schema\/logo\/image\/\",\"url\":\"https:\/\/fullcircle.es\/wp-content\/uploads\/2023\/09\/fullcircle-digital-transformation.png\",\"contentUrl\":\"https:\/\/fullcircle.es\/wp-content\/uploads\/2023\/09\/fullcircle-digital-transformation.png\",\"width\":1200,\"height\":408,\"caption\":\"Fullcircle\"},\"image\":{\"@id\":\"https:\/\/fullcircle.es\/en\/#\/schema\/logo\/image\/\"}}]}<\/script>\n<!-- \/ Yoast SEO plugin. -->","yoast_head_json":{"title":"Presencia avanzada en internet | Fullcircle","robots":{"index":"index","follow":"follow","max-snippet":"max-snippet:-1","max-image-preview":"max-image-preview:large","max-video-preview":"max-video-preview:-1"},"canonical":"https:\/\/fullcircle.es\/en\/digitalizacion-de-pymes-kit-consulting\/presencia-avanzada-en-internet\/","og_locale":"en_US","og_type":"article","og_title":"Presencia avanzada en internet | Fullcircle","og_description":"Mejora el rendimiento y visibilidad de tu sitio web con acciones de SEO y SEM. La soluci\u00f3n recogida por el bono del kit digital debe incluir los siguientes puntos: Posicionamiento b\u00e1sico en internet: la soluci\u00f3n deber\u00e1 posicionar la informaci\u00f3n b\u00e1sica del negocio, contacto y perfil de tu empresa en los principales sites, redes de negocio [&hellip;]","og_url":"https:\/\/fullcircle.es\/en\/digitalizacion-de-pymes-kit-consulting\/presencia-avanzada-en-internet\/","og_site_name":"Fullcircle","article_modified_time":"2025-11-28T08:17:51+00:00","twitter_card":"summary_large_image","twitter_misc":{"Est. reading time":"2 minutes"},"schema":{"@context":"https:\/\/schema.org","@graph":[{"@type":"WebPage","@id":"https:\/\/fullcircle.es\/en\/digitalizacion-de-pymes-kit-consulting\/presencia-avanzada-en-internet\/","url":"https:\/\/fullcircle.es\/en\/digitalizacion-de-pymes-kit-consulting\/presencia-avanzada-en-internet\/","name":"Presencia avanzada en internet | Fullcircle","isPartOf":{"@id":"https:\/\/fullcircle.es\/en\/#website"},"datePublished":"2022-09-19T14:43:14+00:00","dateModified":"2025-11-28T08:17:51+00:00","breadcrumb":{"@id":"https:\/\/fullcircle.es\/en\/digitalizacion-de-pymes-kit-consulting\/presencia-avanzada-en-internet\/#breadcrumb"},"inLanguage":"en-US","potentialAction":[{"@type":"ReadAction","target":[["https:\/\/fullcircle.es\/en\/digitalizacion-de-pymes-kit-consulting\/presencia-avanzada-en-internet\/"]]}]},{"@type":"BreadcrumbList","@id":"https:\/\/fullcircle.es\/en\/digitalizacion-de-pymes-kit-consulting\/presencia-avanzada-en-internet\/#breadcrumb","itemListElement":[{"@type":"ListItem","position":1,"name":"Inicio","item":"https:\/\/fullcircle.es\/en\/"},{"@type":"ListItem","position":2,"name":"Digitalizaci\u00f3n de PYMES &#8211; KIT CONSULTING","item":"https:\/\/fullcircle.es\/en\/digitalizacion-de-pymes-kit-consulting\/"},{"@type":"ListItem","position":3,"name":"Presencia avanzada en internet"}]},{"@type":"WebSite","@id":"https:\/\/fullcircle.es\/en\/#website","url":"https:\/\/fullcircle.es\/en\/","name":"Fullcircle","description":"Digital design, development and transformation","publisher":{"@id":"https:\/\/fullcircle.es\/en\/#organization"},"potentialAction":[{"@type":"SearchAction","target":{"@type":"EntryPoint","urlTemplate":"https:\/\/fullcircle.es\/en\/?s={search_term_string}"},"query-input":{"@type":"PropertyValueSpecification","valueRequired":true,"valueName":"search_term_string"}}],"inLanguage":"en-US"},{"@type":"Organization","@id":"https:\/\/fullcircle.es\/en\/#organization","name":"Fullcircle","url":"https:\/\/fullcircle.es\/en\/","logo":{"@type":"ImageObject","inLanguage":"en-US","@id":"https:\/\/fullcircle.es\/en\/#\/schema\/logo\/image\/","url":"https:\/\/fullcircle.es\/wp-content\/uploads\/2023\/09\/fullcircle-digital-transformation.png","contentUrl":"https:\/\/fullcircle.es\/wp-content\/uploads\/2023\/09\/fullcircle-digital-transformation.png","width":1200,"height":408,"caption":"Fullcircle"},"image":{"@id":"https:\/\/fullcircle.es\/en\/#\/schema\/logo\/image\/"}}]}},"_links":{"self":[{"href":"https:\/\/fullcircle.es\/en\/wp-json\/wp\/v2\/pages\/1309","targetHints":{"allow":["GET"]}}],"collection":[{"href":"https:\/\/fullcircle.es\/en\/wp-json\/wp\/v2\/pages"}],"about":[{"href":"https:\/\/fullcircle.es\/en\/wp-json\/wp\/v2\/types\/page"}],"author":[{"embeddable":true,"href":"https:\/\/fullcircle.es\/en\/wp-json\/wp\/v2\/users\/2"}],"replies":[{"embeddable":true,"href":"https:\/\/fullcircle.es\/en\/wp-json\/wp\/v2\/comments?post=1309"}],"version-history":[{"count":2,"href":"https:\/\/fullcircle.es\/en\/wp-json\/wp\/v2\/pages\/1309\/revisions"}],"predecessor-version":[{"id":1853,"href":"https:\/\/fullcircle.es\/en\/wp-json\/wp\/v2\/pages\/1309\/revisions\/1853"}],"up":[{"embeddable":true,"href":"https:\/\/fullcircle.es\/en\/wp-json\/wp\/v2\/pages\/726"}],"wp:attachment":[{"href":"https:\/\/fullcircle.es\/en\/wp-json\/wp\/v2\/media?parent=1309"}],"curies":[{"name":"wp","href":"https:\/\/api.w.org\/{rel}","templated":true}]}}