{"id":1699,"date":"2024-07-15T12:53:26","date_gmt":"2024-07-15T10:53:26","guid":{"rendered":"https:\/\/fullcircle.es\/?page_id=1699"},"modified":"2026-03-02T13:29:19","modified_gmt":"2026-03-02T12:29:19","slug":"asesoria-en-inteligencia-artificial","status":"publish","type":"page","link":"https:\/\/fullcircle.es\/en\/digitalizacion-de-pymes-kit-consulting\/asesoria-en-inteligencia-artificial\/","title":{"rendered":"Asesor\u00eda en Inteligencia Artificial"},"content":{"rendered":"<div class=\"lc-inline_block_cd64ad28746f73273d316824a310ac02-edit block block-layout-builder block-field-blocknodesolution-packagefield-subtitle\">\n<div class=\"clearfix text-formatted field field--name-field-subtitle field--type-text-long field--label-hidden field__item\">\n<h2 class=\"i4t-wrap-text\">Servicio de Asesoramiento en Inteligencia Artificial<\/h2>\n<p class=\"i4t-wrap-text\">La Inteligencia Artificial lleva a\u00f1os formando parte de las operaciones y gesti\u00f3n de dato de de las grandes empresas.<\/p>\n<p class=\"i4t-wrap-text\">Desde la apertura de Chat GPT el acceso y el conocimiento de la IA generativa se a democratizado abriendo ante los ojos de las empresas de cualquier tama\u00f1o un sin fin de oportunidades. Pero no debemos dejarnos nublar por la avalancha de informaci\u00f3n sobre IA que nos asedia. La aplicaci\u00f3n de la IA a los negocios es una realidad, pero ni es total ni es solo centrada en la IA generativa, el uso de IA y ML para el manejos y an\u00e1lisis de los datos es en realidad el uso m\u00e1s extendido de la AI en negocios hasta ahora.<\/p>\n<p>Si quieres conocer cuales son las tareas y procesos en los que tu empresas puede empezar a utilizar IA y cuales son las herramientas y servicios del mercado que pueden ser asumibles por tu equipo y tus recursos te interesa esta consultor\u00eda.<\/p>\n<p class=\"i4t-wrap-text\">El principal objetivo de este servicio es dotarte de un conocimiento general de las tareas que las pymes de perfil similar a la tuya pueden estar aplicando. Hacer un plan de las implicaciones de la implantaci\u00f3n de estas herramientas y un an\u00e1lisis de los beneficios. y definir la formaci\u00f3n y los recursos necesarios para llevarlo a cabo.<\/p>\n<\/div>\n<\/div>\n<div class=\"lc-inline_block_7cef724adecd853060d694955712d755-edit block block-layout-builder block-field-blocknodesolution-packagebody\">\n<div class=\"clearfix text-formatted field field--name-body field--type-text-with-summary field--label-hidden field__item\">\n<h2 class=\"h2_title_underlined\">Incluye<\/h2>\n<ul>\n<li>Identificaci\u00f3n de conjuntos de datos relevantes para la implementaci\u00f3n de algoritmos de IA, de esta forma podr\u00e1s tener una mejor comprensi\u00f3n de la informaci\u00f3n de tu pyme.<\/li>\n<li>Asesorarte para la creaci\u00f3n de protocolos de gobernanza de datos con normativas de IA, garantizando la validez y la veracidad de los mismos cuando aplique la IA.<\/li>\n<li>Analizar herramientas de IA para la gesti\u00f3n de datos, realizando recomendaciones basadas en la realidad y la capacidad de inversi\u00f3n de tu pyme.<\/li>\n<li>Orientarte sobre c\u00f3mo las t\u00e9cnicas de IA pueden derivar informaci\u00f3n valiosa a partir de los datos existentes para impulsar la toma de decisiones estrat\u00e9gicas.<\/li>\n<li>Capacitarte en el uso estrat\u00e9gico de las t\u00e9cnicas de IA en el manejo de datos.<\/li>\n<li>Desarrollar y ejecutar un caso de uso adaptado al negocio, relacionado con la aplicaci\u00f3n de la inteligencia artificial.<\/li>\n<\/ul>\n<\/div>\n<\/div>\n","protected":false},"excerpt":{"rendered":"Servicio de Asesoramiento en Inteligencia Artificial La Inteligencia Artificial lleva a\u00f1os formando parte de las operaciones y gesti\u00f3n de dato de de las grandes empresas. Desde la apertura de Chat GPT el acceso y el conocimiento de la IA generativa se a democratizado abriendo ante los ojos de las empresas de cualquier tama\u00f1o un sin [&hellip;]","protected":false},"author":2,"featured_media":0,"parent":726,"menu_order":0,"comment_status":"closed","ping_status":"closed","template":"templates\/fc-flexible.php","meta":{"_acf_changed":false,"footnotes":""},"class_list":["post-1699","page","type-page","status-publish","hentry"],"acf":[],"yoast_head":"<!-- This site is optimized with the Yoast SEO plugin v26.7 - https:\/\/yoast.com\/wordpress\/plugins\/seo\/ -->\n<title>Asesor\u00eda en Inteligencia Artificial | Fullcircle<\/title>\n<meta name=\"robots\" content=\"index, follow, max-snippet:-1, max-image-preview:large, max-video-preview:-1\" \/>\n<link rel=\"canonical\" href=\"https:\/\/fullcircle.es\/en\/digitalizacion-de-pymes-kit-consulting\/asesoria-en-inteligencia-artificial\/\" \/>\n<meta property=\"og:locale\" content=\"en_US\" \/>\n<meta property=\"og:type\" content=\"article\" \/>\n<meta property=\"og:title\" content=\"Asesor\u00eda en Inteligencia Artificial | Fullcircle\" \/>\n<meta property=\"og:description\" content=\"Servicio de Asesoramiento en Inteligencia Artificial La Inteligencia Artificial lleva a\u00f1os formando parte de las operaciones y gesti\u00f3n de dato de de las grandes empresas. Desde la apertura de Chat GPT el acceso y el conocimiento de la IA generativa se a democratizado abriendo ante los ojos de las empresas de cualquier tama\u00f1o un sin [&hellip;]\" \/>\n<meta property=\"og:url\" content=\"https:\/\/fullcircle.es\/en\/digitalizacion-de-pymes-kit-consulting\/asesoria-en-inteligencia-artificial\/\" \/>\n<meta property=\"og:site_name\" content=\"Fullcircle\" \/>\n<meta property=\"article:modified_time\" content=\"2026-03-02T12:29:19+00:00\" \/>\n<meta name=\"twitter:card\" content=\"summary_large_image\" \/>\n<meta name=\"twitter:label1\" content=\"Est. reading time\" \/>\n\t<meta name=\"twitter:data1\" content=\"2 minutes\" \/>\n<script type=\"application\/ld+json\" class=\"yoast-schema-graph\">{\"@context\":\"https:\/\/schema.org\",\"@graph\":[{\"@type\":\"WebPage\",\"@id\":\"https:\/\/fullcircle.es\/en\/digitalizacion-de-pymes-kit-consulting\/asesoria-en-inteligencia-artificial\/\",\"url\":\"https:\/\/fullcircle.es\/en\/digitalizacion-de-pymes-kit-consulting\/asesoria-en-inteligencia-artificial\/\",\"name\":\"Asesor\u00eda en Inteligencia Artificial | Fullcircle\",\"isPartOf\":{\"@id\":\"https:\/\/fullcircle.es\/en\/#website\"},\"datePublished\":\"2024-07-15T10:53:26+00:00\",\"dateModified\":\"2026-03-02T12:29:19+00:00\",\"breadcrumb\":{\"@id\":\"https:\/\/fullcircle.es\/en\/digitalizacion-de-pymes-kit-consulting\/asesoria-en-inteligencia-artificial\/#breadcrumb\"},\"inLanguage\":\"en-US\",\"potentialAction\":[{\"@type\":\"ReadAction\",\"target\":[[\"https:\/\/fullcircle.es\/en\/digitalizacion-de-pymes-kit-consulting\/asesoria-en-inteligencia-artificial\/\"]]}]},{\"@type\":\"BreadcrumbList\",\"@id\":\"https:\/\/fullcircle.es\/en\/digitalizacion-de-pymes-kit-consulting\/asesoria-en-inteligencia-artificial\/#breadcrumb\",\"itemListElement\":[{\"@type\":\"ListItem\",\"position\":1,\"name\":\"Inicio\",\"item\":\"https:\/\/fullcircle.es\/en\/\"},{\"@type\":\"ListItem\",\"position\":2,\"name\":\"Digitalizaci\u00f3n de PYMES &#8211; KIT CONSULTING\",\"item\":\"https:\/\/fullcircle.es\/en\/digitalizacion-de-pymes-kit-consulting\/\"},{\"@type\":\"ListItem\",\"position\":3,\"name\":\"Inteligencia Artificial\"}]},{\"@type\":\"WebSite\",\"@id\":\"https:\/\/fullcircle.es\/en\/#website\",\"url\":\"https:\/\/fullcircle.es\/en\/\",\"name\":\"Fullcircle\",\"description\":\"Digital design, development and transformation\",\"publisher\":{\"@id\":\"https:\/\/fullcircle.es\/en\/#organization\"},\"potentialAction\":[{\"@type\":\"SearchAction\",\"target\":{\"@type\":\"EntryPoint\",\"urlTemplate\":\"https:\/\/fullcircle.es\/en\/?s={search_term_string}\"},\"query-input\":{\"@type\":\"PropertyValueSpecification\",\"valueRequired\":true,\"valueName\":\"search_term_string\"}}],\"inLanguage\":\"en-US\"},{\"@type\":\"Organization\",\"@id\":\"https:\/\/fullcircle.es\/en\/#organization\",\"name\":\"Fullcircle\",\"url\":\"https:\/\/fullcircle.es\/en\/\",\"logo\":{\"@type\":\"ImageObject\",\"inLanguage\":\"en-US\",\"@id\":\"https:\/\/fullcircle.es\/en\/#\/schema\/logo\/image\/\",\"url\":\"https:\/\/fullcircle.es\/wp-content\/uploads\/2023\/09\/fullcircle-digital-transformation.png\",\"contentUrl\":\"https:\/\/fullcircle.es\/wp-content\/uploads\/2023\/09\/fullcircle-digital-transformation.png\",\"width\":1200,\"height\":408,\"caption\":\"Fullcircle\"},\"image\":{\"@id\":\"https:\/\/fullcircle.es\/en\/#\/schema\/logo\/image\/\"}}]}<\/script>\n<!-- \/ Yoast SEO plugin. -->","yoast_head_json":{"title":"Asesor\u00eda en Inteligencia Artificial | Fullcircle","robots":{"index":"index","follow":"follow","max-snippet":"max-snippet:-1","max-image-preview":"max-image-preview:large","max-video-preview":"max-video-preview:-1"},"canonical":"https:\/\/fullcircle.es\/en\/digitalizacion-de-pymes-kit-consulting\/asesoria-en-inteligencia-artificial\/","og_locale":"en_US","og_type":"article","og_title":"Asesor\u00eda en Inteligencia Artificial | Fullcircle","og_description":"Servicio de Asesoramiento en Inteligencia Artificial La Inteligencia Artificial lleva a\u00f1os formando parte de las operaciones y gesti\u00f3n de dato de de las grandes empresas. Desde la apertura de Chat GPT el acceso y el conocimiento de la IA generativa se a democratizado abriendo ante los ojos de las empresas de cualquier tama\u00f1o un sin [&hellip;]","og_url":"https:\/\/fullcircle.es\/en\/digitalizacion-de-pymes-kit-consulting\/asesoria-en-inteligencia-artificial\/","og_site_name":"Fullcircle","article_modified_time":"2026-03-02T12:29:19+00:00","twitter_card":"summary_large_image","twitter_misc":{"Est. reading time":"2 minutes"},"schema":{"@context":"https:\/\/schema.org","@graph":[{"@type":"WebPage","@id":"https:\/\/fullcircle.es\/en\/digitalizacion-de-pymes-kit-consulting\/asesoria-en-inteligencia-artificial\/","url":"https:\/\/fullcircle.es\/en\/digitalizacion-de-pymes-kit-consulting\/asesoria-en-inteligencia-artificial\/","name":"Asesor\u00eda en Inteligencia Artificial | Fullcircle","isPartOf":{"@id":"https:\/\/fullcircle.es\/en\/#website"},"datePublished":"2024-07-15T10:53:26+00:00","dateModified":"2026-03-02T12:29:19+00:00","breadcrumb":{"@id":"https:\/\/fullcircle.es\/en\/digitalizacion-de-pymes-kit-consulting\/asesoria-en-inteligencia-artificial\/#breadcrumb"},"inLanguage":"en-US","potentialAction":[{"@type":"ReadAction","target":[["https:\/\/fullcircle.es\/en\/digitalizacion-de-pymes-kit-consulting\/asesoria-en-inteligencia-artificial\/"]]}]},{"@type":"BreadcrumbList","@id":"https:\/\/fullcircle.es\/en\/digitalizacion-de-pymes-kit-consulting\/asesoria-en-inteligencia-artificial\/#breadcrumb","itemListElement":[{"@type":"ListItem","position":1,"name":"Inicio","item":"https:\/\/fullcircle.es\/en\/"},{"@type":"ListItem","position":2,"name":"Digitalizaci\u00f3n de PYMES &#8211; KIT CONSULTING","item":"https:\/\/fullcircle.es\/en\/digitalizacion-de-pymes-kit-consulting\/"},{"@type":"ListItem","position":3,"name":"Inteligencia Artificial"}]},{"@type":"WebSite","@id":"https:\/\/fullcircle.es\/en\/#website","url":"https:\/\/fullcircle.es\/en\/","name":"Fullcircle","description":"Digital design, development and transformation","publisher":{"@id":"https:\/\/fullcircle.es\/en\/#organization"},"potentialAction":[{"@type":"SearchAction","target":{"@type":"EntryPoint","urlTemplate":"https:\/\/fullcircle.es\/en\/?s={search_term_string}"},"query-input":{"@type":"PropertyValueSpecification","valueRequired":true,"valueName":"search_term_string"}}],"inLanguage":"en-US"},{"@type":"Organization","@id":"https:\/\/fullcircle.es\/en\/#organization","name":"Fullcircle","url":"https:\/\/fullcircle.es\/en\/","logo":{"@type":"ImageObject","inLanguage":"en-US","@id":"https:\/\/fullcircle.es\/en\/#\/schema\/logo\/image\/","url":"https:\/\/fullcircle.es\/wp-content\/uploads\/2023\/09\/fullcircle-digital-transformation.png","contentUrl":"https:\/\/fullcircle.es\/wp-content\/uploads\/2023\/09\/fullcircle-digital-transformation.png","width":1200,"height":408,"caption":"Fullcircle"},"image":{"@id":"https:\/\/fullcircle.es\/en\/#\/schema\/logo\/image\/"}}]}},"_links":{"self":[{"href":"https:\/\/fullcircle.es\/en\/wp-json\/wp\/v2\/pages\/1699","targetHints":{"allow":["GET"]}}],"collection":[{"href":"https:\/\/fullcircle.es\/en\/wp-json\/wp\/v2\/pages"}],"about":[{"href":"https:\/\/fullcircle.es\/en\/wp-json\/wp\/v2\/types\/page"}],"author":[{"embeddable":true,"href":"https:\/\/fullcircle.es\/en\/wp-json\/wp\/v2\/users\/2"}],"replies":[{"embeddable":true,"href":"https:\/\/fullcircle.es\/en\/wp-json\/wp\/v2\/comments?post=1699"}],"version-history":[{"count":10,"href":"https:\/\/fullcircle.es\/en\/wp-json\/wp\/v2\/pages\/1699\/revisions"}],"predecessor-version":[{"id":2287,"href":"https:\/\/fullcircle.es\/en\/wp-json\/wp\/v2\/pages\/1699\/revisions\/2287"}],"up":[{"embeddable":true,"href":"https:\/\/fullcircle.es\/en\/wp-json\/wp\/v2\/pages\/726"}],"wp:attachment":[{"href":"https:\/\/fullcircle.es\/en\/wp-json\/wp\/v2\/media?parent=1699"}],"curies":[{"name":"wp","href":"https:\/\/api.w.org\/{rel}","templated":true}]}}