{"id":1701,"date":"2024-07-15T12:54:42","date_gmt":"2024-07-15T10:54:42","guid":{"rendered":"https:\/\/fullcircle.es\/?page_id=1701"},"modified":"2025-11-28T09:13:17","modified_gmt":"2025-11-28T08:13:17","slug":"analisis-de-datos","status":"publish","type":"page","link":"https:\/\/fullcircle.es\/en\/digitalizacion-de-pymes-kit-consulting\/analisis-de-datos\/","title":{"rendered":"An\u00e1lisis de Datos"},"content":{"rendered":"<div class=\"lc-inline_block_cd64ad28746f73273d316824a310ac02-edit block block-layout-builder block-field-blocknodesolution-packagefield-subtitle\">\n<div class=\"clearfix text-formatted field field--name-field-subtitle field--type-text-long field--label-hidden field__item\">\n<div class=\"lc-section lc-section-361 layoutcomponents-one-column x-section header-bottom lc-inline_section-edit container-xl\">\n<div class=\"lc-inline_container-section-edit\">\n<div class=\"row lc-container-cols lc-inline_row-edit\">\n<div class=\"lc-inline_column_first-edit layoutcomponent-column col-sm-12 col-md-12 col-lg-12\">\n<div class=\"layout-builder__region js-layout-builder-region lc-inline_column_first-content-edit\" data-region=\"first\">\n<h2 class=\"block block-layout-builder block-field-blocknodesolution-packagetitle\"><span class=\"field field--name-title field--type-string field--label-hidden\">Servicio de Asesoramiento en An\u00e1lisis de Datos<\/span><\/h2>\n<h5>B\u00e1sico y Avanzado<\/h5>\n<\/div>\n<\/div>\n<\/div>\n<\/div>\n<\/div>\n<p class=\"i4t-wrap-text\">El principal objetivo de este servicio es dotarte de un plan de an\u00e1lisis de datos adaptado a las necesidades de tu pyme. Conocer\u00e1s la inversi\u00f3n requerida y las medidas necesarias para su adopci\u00f3n.<\/p>\n<p>Si tu empresa no est\u00e1 todav\u00eda explotando sus datos se aplicar\u00e1 el<strong> plan b\u00e1sico.<\/strong><\/p>\n<p>Si ya cuentas con un sistema de an\u00e1lisis de datos b\u00e1sico, el principal objetivo de este servicio es aportarte un <strong>plan de an\u00e1lisis m\u00e1s avanzado<\/strong> a adaptado a las necesidades de tu pyme.<\/p>\n<\/div>\n<\/div>\n<div class=\"lc-inline_block_7cef724adecd853060d694955712d755-edit block block-layout-builder block-field-blocknodesolution-packagebody\">\n<div class=\"clearfix text-formatted field field--name-body field--type-text-with-summary field--label-hidden field__item\">\n<h3 class=\"h2_title_underlined\">Plan b\u00e1sico incluye<\/h3>\n<ul>\n<li>Identificar aquellos datos de tu pyme que mejoren el entendimiento de la informaci\u00f3n disponible.<\/li>\n<li>Analizar las distintas opciones de herramientas de inteligencia artificial para explotar y visualizar los datos, recomendando la que mejor se adapte a la situaci\u00f3n actual de tu pyme y la inversi\u00f3n necesaria para su adopci\u00f3n.<\/li>\n<li>Establecer informaci\u00f3n de valor a partir del tratado de datos con algoritmos de inteligencia artificial.<\/li>\n<li>Asesorarte sobre la explotaci\u00f3n de los datos a trav\u00e9s de la herramienta elegida<\/li>\n<li>Desarrollar y ejecutar un caso de uso adaptado al negocio en an\u00e1lisis de datos (nivel b\u00e1sico).<\/li>\n<li>Identificar oportunidades o posibles usos de la IA en el \u00e1mbito del an\u00e1lisis de datos.<\/li>\n<\/ul>\n<h3>El Plan Avanzado incluye:<\/h3>\n<ul>\n<li>Identificar de los datos de tu pyme, obtener su valoraci\u00f3n y evaluar su uso en conjunci\u00f3n con otras fuentes.<\/li>\n<li>Generar y obtener informaci\u00f3n de valor a partir del tratado de datos con algoritmos de inteligencia artificial para mejorar la toma de decisiones basadas en los datos.<\/li>\n<li>Proporcionarte asesoramiento para la comprensi\u00f3n de los datos de tu pyme y el manejo de herramientas de gesti\u00f3n de los datos.<\/li>\n<li>Desarrollar y ejecutar un caso de uso adaptado a tu pyme utilizando t\u00e9cnicas de inteligencia artificial, en an\u00e1lisis de datos (nivel avanzado).<\/li>\n<li>Identificar oportunidades o posibles usos de la IA en el \u00e1mbito del an\u00e1lisis de datos avanzado.<\/li>\n<\/ul>\n<\/div>\n<\/div>\n","protected":false},"excerpt":{"rendered":"Servicio de Asesoramiento en An\u00e1lisis de Datos B\u00e1sico y Avanzado El principal objetivo de este servicio es dotarte de un plan de an\u00e1lisis de datos adaptado a las necesidades de tu pyme. Conocer\u00e1s la inversi\u00f3n requerida y las medidas necesarias para su adopci\u00f3n. Si tu empresa no est\u00e1 todav\u00eda explotando sus datos se aplicar\u00e1 el [&hellip;]","protected":false},"author":2,"featured_media":0,"parent":726,"menu_order":0,"comment_status":"closed","ping_status":"closed","template":"templates\/kit-digital.php","meta":{"_acf_changed":false,"footnotes":""},"class_list":["post-1701","page","type-page","status-publish","hentry"],"acf":[],"yoast_head":"<!-- This site is optimized with the Yoast SEO plugin v26.7 - https:\/\/yoast.com\/wordpress\/plugins\/seo\/ -->\n<title>An\u00e1lisis de Datos | Fullcircle<\/title>\n<meta name=\"robots\" content=\"index, follow, max-snippet:-1, max-image-preview:large, max-video-preview:-1\" \/>\n<link rel=\"canonical\" href=\"https:\/\/fullcircle.es\/en\/digitalizacion-de-pymes-kit-consulting\/analisis-de-datos\/\" \/>\n<meta property=\"og:locale\" content=\"en_US\" \/>\n<meta property=\"og:type\" content=\"article\" \/>\n<meta property=\"og:title\" content=\"An\u00e1lisis de Datos | Fullcircle\" \/>\n<meta property=\"og:description\" content=\"Servicio de Asesoramiento en An\u00e1lisis de Datos B\u00e1sico y Avanzado El principal objetivo de este servicio es dotarte de un plan de an\u00e1lisis de datos adaptado a las necesidades de tu pyme. Conocer\u00e1s la inversi\u00f3n requerida y las medidas necesarias para su adopci\u00f3n. Si tu empresa no est\u00e1 todav\u00eda explotando sus datos se aplicar\u00e1 el [&hellip;]\" \/>\n<meta property=\"og:url\" content=\"https:\/\/fullcircle.es\/en\/digitalizacion-de-pymes-kit-consulting\/analisis-de-datos\/\" \/>\n<meta property=\"og:site_name\" content=\"Fullcircle\" \/>\n<meta property=\"article:modified_time\" content=\"2025-11-28T08:13:17+00:00\" \/>\n<meta name=\"twitter:card\" content=\"summary_large_image\" \/>\n<meta name=\"twitter:label1\" content=\"Est. reading time\" \/>\n\t<meta name=\"twitter:data1\" content=\"2 minutes\" \/>\n<script type=\"application\/ld+json\" class=\"yoast-schema-graph\">{\"@context\":\"https:\/\/schema.org\",\"@graph\":[{\"@type\":\"WebPage\",\"@id\":\"https:\/\/fullcircle.es\/en\/digitalizacion-de-pymes-kit-consulting\/analisis-de-datos\/\",\"url\":\"https:\/\/fullcircle.es\/en\/digitalizacion-de-pymes-kit-consulting\/analisis-de-datos\/\",\"name\":\"An\u00e1lisis de Datos | Fullcircle\",\"isPartOf\":{\"@id\":\"https:\/\/fullcircle.es\/en\/#website\"},\"datePublished\":\"2024-07-15T10:54:42+00:00\",\"dateModified\":\"2025-11-28T08:13:17+00:00\",\"breadcrumb\":{\"@id\":\"https:\/\/fullcircle.es\/en\/digitalizacion-de-pymes-kit-consulting\/analisis-de-datos\/#breadcrumb\"},\"inLanguage\":\"en-US\",\"potentialAction\":[{\"@type\":\"ReadAction\",\"target\":[[\"https:\/\/fullcircle.es\/en\/digitalizacion-de-pymes-kit-consulting\/analisis-de-datos\/\"]]}]},{\"@type\":\"BreadcrumbList\",\"@id\":\"https:\/\/fullcircle.es\/en\/digitalizacion-de-pymes-kit-consulting\/analisis-de-datos\/#breadcrumb\",\"itemListElement\":[{\"@type\":\"ListItem\",\"position\":1,\"name\":\"Inicio\",\"item\":\"https:\/\/fullcircle.es\/en\/\"},{\"@type\":\"ListItem\",\"position\":2,\"name\":\"Digitalizaci\u00f3n de PYMES &#8211; KIT CONSULTING\",\"item\":\"https:\/\/fullcircle.es\/en\/digitalizacion-de-pymes-kit-consulting\/\"},{\"@type\":\"ListItem\",\"position\":3,\"name\":\"An\u00e1lisis de Datos\"}]},{\"@type\":\"WebSite\",\"@id\":\"https:\/\/fullcircle.es\/en\/#website\",\"url\":\"https:\/\/fullcircle.es\/en\/\",\"name\":\"Fullcircle\",\"description\":\"Digital design, development and transformation\",\"publisher\":{\"@id\":\"https:\/\/fullcircle.es\/en\/#organization\"},\"potentialAction\":[{\"@type\":\"SearchAction\",\"target\":{\"@type\":\"EntryPoint\",\"urlTemplate\":\"https:\/\/fullcircle.es\/en\/?s={search_term_string}\"},\"query-input\":{\"@type\":\"PropertyValueSpecification\",\"valueRequired\":true,\"valueName\":\"search_term_string\"}}],\"inLanguage\":\"en-US\"},{\"@type\":\"Organization\",\"@id\":\"https:\/\/fullcircle.es\/en\/#organization\",\"name\":\"Fullcircle\",\"url\":\"https:\/\/fullcircle.es\/en\/\",\"logo\":{\"@type\":\"ImageObject\",\"inLanguage\":\"en-US\",\"@id\":\"https:\/\/fullcircle.es\/en\/#\/schema\/logo\/image\/\",\"url\":\"https:\/\/fullcircle.es\/wp-content\/uploads\/2023\/09\/fullcircle-digital-transformation.png\",\"contentUrl\":\"https:\/\/fullcircle.es\/wp-content\/uploads\/2023\/09\/fullcircle-digital-transformation.png\",\"width\":1200,\"height\":408,\"caption\":\"Fullcircle\"},\"image\":{\"@id\":\"https:\/\/fullcircle.es\/en\/#\/schema\/logo\/image\/\"}}]}<\/script>\n<!-- \/ Yoast SEO plugin. -->","yoast_head_json":{"title":"An\u00e1lisis de Datos | Fullcircle","robots":{"index":"index","follow":"follow","max-snippet":"max-snippet:-1","max-image-preview":"max-image-preview:large","max-video-preview":"max-video-preview:-1"},"canonical":"https:\/\/fullcircle.es\/en\/digitalizacion-de-pymes-kit-consulting\/analisis-de-datos\/","og_locale":"en_US","og_type":"article","og_title":"An\u00e1lisis de Datos | Fullcircle","og_description":"Servicio de Asesoramiento en An\u00e1lisis de Datos B\u00e1sico y Avanzado El principal objetivo de este servicio es dotarte de un plan de an\u00e1lisis de datos adaptado a las necesidades de tu pyme. Conocer\u00e1s la inversi\u00f3n requerida y las medidas necesarias para su adopci\u00f3n. Si tu empresa no est\u00e1 todav\u00eda explotando sus datos se aplicar\u00e1 el [&hellip;]","og_url":"https:\/\/fullcircle.es\/en\/digitalizacion-de-pymes-kit-consulting\/analisis-de-datos\/","og_site_name":"Fullcircle","article_modified_time":"2025-11-28T08:13:17+00:00","twitter_card":"summary_large_image","twitter_misc":{"Est. reading time":"2 minutes"},"schema":{"@context":"https:\/\/schema.org","@graph":[{"@type":"WebPage","@id":"https:\/\/fullcircle.es\/en\/digitalizacion-de-pymes-kit-consulting\/analisis-de-datos\/","url":"https:\/\/fullcircle.es\/en\/digitalizacion-de-pymes-kit-consulting\/analisis-de-datos\/","name":"An\u00e1lisis de Datos | Fullcircle","isPartOf":{"@id":"https:\/\/fullcircle.es\/en\/#website"},"datePublished":"2024-07-15T10:54:42+00:00","dateModified":"2025-11-28T08:13:17+00:00","breadcrumb":{"@id":"https:\/\/fullcircle.es\/en\/digitalizacion-de-pymes-kit-consulting\/analisis-de-datos\/#breadcrumb"},"inLanguage":"en-US","potentialAction":[{"@type":"ReadAction","target":[["https:\/\/fullcircle.es\/en\/digitalizacion-de-pymes-kit-consulting\/analisis-de-datos\/"]]}]},{"@type":"BreadcrumbList","@id":"https:\/\/fullcircle.es\/en\/digitalizacion-de-pymes-kit-consulting\/analisis-de-datos\/#breadcrumb","itemListElement":[{"@type":"ListItem","position":1,"name":"Inicio","item":"https:\/\/fullcircle.es\/en\/"},{"@type":"ListItem","position":2,"name":"Digitalizaci\u00f3n de PYMES &#8211; KIT CONSULTING","item":"https:\/\/fullcircle.es\/en\/digitalizacion-de-pymes-kit-consulting\/"},{"@type":"ListItem","position":3,"name":"An\u00e1lisis de Datos"}]},{"@type":"WebSite","@id":"https:\/\/fullcircle.es\/en\/#website","url":"https:\/\/fullcircle.es\/en\/","name":"Fullcircle","description":"Digital design, development and transformation","publisher":{"@id":"https:\/\/fullcircle.es\/en\/#organization"},"potentialAction":[{"@type":"SearchAction","target":{"@type":"EntryPoint","urlTemplate":"https:\/\/fullcircle.es\/en\/?s={search_term_string}"},"query-input":{"@type":"PropertyValueSpecification","valueRequired":true,"valueName":"search_term_string"}}],"inLanguage":"en-US"},{"@type":"Organization","@id":"https:\/\/fullcircle.es\/en\/#organization","name":"Fullcircle","url":"https:\/\/fullcircle.es\/en\/","logo":{"@type":"ImageObject","inLanguage":"en-US","@id":"https:\/\/fullcircle.es\/en\/#\/schema\/logo\/image\/","url":"https:\/\/fullcircle.es\/wp-content\/uploads\/2023\/09\/fullcircle-digital-transformation.png","contentUrl":"https:\/\/fullcircle.es\/wp-content\/uploads\/2023\/09\/fullcircle-digital-transformation.png","width":1200,"height":408,"caption":"Fullcircle"},"image":{"@id":"https:\/\/fullcircle.es\/en\/#\/schema\/logo\/image\/"}}]}},"_links":{"self":[{"href":"https:\/\/fullcircle.es\/en\/wp-json\/wp\/v2\/pages\/1701","targetHints":{"allow":["GET"]}}],"collection":[{"href":"https:\/\/fullcircle.es\/en\/wp-json\/wp\/v2\/pages"}],"about":[{"href":"https:\/\/fullcircle.es\/en\/wp-json\/wp\/v2\/types\/page"}],"author":[{"embeddable":true,"href":"https:\/\/fullcircle.es\/en\/wp-json\/wp\/v2\/users\/2"}],"replies":[{"embeddable":true,"href":"https:\/\/fullcircle.es\/en\/wp-json\/wp\/v2\/comments?post=1701"}],"version-history":[{"count":6,"href":"https:\/\/fullcircle.es\/en\/wp-json\/wp\/v2\/pages\/1701\/revisions"}],"predecessor-version":[{"id":1846,"href":"https:\/\/fullcircle.es\/en\/wp-json\/wp\/v2\/pages\/1701\/revisions\/1846"}],"up":[{"embeddable":true,"href":"https:\/\/fullcircle.es\/en\/wp-json\/wp\/v2\/pages\/726"}],"wp:attachment":[{"href":"https:\/\/fullcircle.es\/en\/wp-json\/wp\/v2\/media?parent=1701"}],"curies":[{"name":"wp","href":"https:\/\/api.w.org\/{rel}","templated":true}]}}