{"id":1706,"date":"2024-07-15T13:01:39","date_gmt":"2024-07-15T11:01:39","guid":{"rendered":"https:\/\/fullcircle.es\/?page_id=1706"},"modified":"2025-11-28T09:17:23","modified_gmt":"2025-11-28T08:17:23","slug":"optimizacion-y-digitalizacion-de-procesos","status":"publish","type":"page","link":"https:\/\/fullcircle.es\/en\/digitalizacion-de-pymes-kit-consulting\/optimizacion-y-digitalizacion-de-procesos\/","title":{"rendered":"Optimizaci\u00f3n y digitalizaci\u00f3n de procesos"},"content":{"rendered":"<div class=\"lc-inline_block_cd64ad28746f73273d316824a310ac02-edit block block-layout-builder block-field-blocknodesolution-packagefield-subtitle\">\n<div class=\"clearfix text-formatted field field--name-field-subtitle field--type-text-long field--label-hidden field__item\">\n<h2 class=\"i4t-wrap-text\">Servicio de Asesoramiento en Procesos de Negocio<\/h2>\n<p class=\"i4t-wrap-text\">El principal objetivo de este servicio es identificar las \u00e1reas de mejora y optimizaci\u00f3n en los procesos empresariales actuales de tu pyme, as\u00ed como la definici\u00f3n de un plan personalizado de mejora de procesos en \u00e1reas clave.<\/p>\n<p>Tras un an\u00e1lisis de la situaci\u00f3n actual ofrecemos un dise\u00f1o del ecosistema digital \u00f3ptimo para las necesidades y recursos de tu Pyme haciendo una selecci\u00f3n delas herramientas del mercado m\u00e1s adecuadas y de las integraciones necesarias.<\/p>\n<p>As\u00ed mismo se har\u00e1 un an\u00e1lisis de los procesos actuales y una definici\u00f3n de las mejoras y cambios para optimizar estos procesos asociados al nuevo ecosistema digital.<\/p>\n<\/div>\n<\/div>\n<div class=\"lc-inline_block_7cef724adecd853060d694955712d755-edit block block-layout-builder block-field-blocknodesolution-packagebody\">\n<div class=\"clearfix text-formatted field field--name-body field--type-text-with-summary field--label-hidden field__item\">\n<h2 class=\"h2_title_underlined\">Incluye<\/h2>\n<ul>\n<li>Comprender las metas estrat\u00e9gicas, puntos clave y objetivos de tu pyme y alinearlas con enfoque en la digitalizaci\u00f3n, posibles usos de la inteligencia artificial y mejora de los procesos empresariales (o, en su caso, proceso de fabricaci\u00f3n seleccionado).<\/li>\n<li>Analizar los procesos empresariales que llevas a cabo actualmente, para identificar posibles mejoras.<\/li>\n<li>Comunicar de manera efectiva a los empleados de tu pyme la relevancia estrat\u00e9gica de la digitalizaci\u00f3n de procesos, destacando c\u00f3mo esto no solo optimiza el trabajo diario, sino tambi\u00e9n fortalece la competitividad.<\/li>\n<li>Proporcionar asesoramiento especializado en herramientas de gesti\u00f3n de procesos de negocio y de inteligencia artificial, abarcando desde ventas y recursos humanos hasta la gesti\u00f3n de proyectos, y destacando soluciones espec\u00edficas para mejorar la eficiencia y calidad.<\/li>\n<li>Desarrollar y ejecutar un caso de uso adaptado a u pyme, utilizando las t\u00e9cnicas apropiadas, para la optimizaci\u00f3n de un proceso.<\/li>\n<li>Identificar oportunidades o posibles usos de la IA en el \u00e1mbito de los procesos de negocio o\u00a0 procesos de producci\u00f3n.<\/li>\n<\/ul>\n<\/div>\n<\/div>\n","protected":false},"excerpt":{"rendered":"Servicio de Asesoramiento en Procesos de Negocio El principal objetivo de este servicio es identificar las \u00e1reas de mejora y optimizaci\u00f3n en los procesos empresariales actuales de tu pyme, as\u00ed como la definici\u00f3n de un plan personalizado de mejora de procesos en \u00e1reas clave. Tras un an\u00e1lisis de la situaci\u00f3n actual ofrecemos un dise\u00f1o del [&hellip;]","protected":false},"author":2,"featured_media":0,"parent":726,"menu_order":0,"comment_status":"closed","ping_status":"closed","template":"templates\/kit-digital.php","meta":{"_acf_changed":false,"footnotes":""},"class_list":["post-1706","page","type-page","status-publish","hentry"],"acf":[],"yoast_head":"<!-- This site is optimized with the Yoast SEO plugin v26.7 - https:\/\/yoast.com\/wordpress\/plugins\/seo\/ -->\n<title>Optimizaci\u00f3n y digitalizaci\u00f3n de procesos | Fullcircle<\/title>\n<meta name=\"robots\" content=\"index, follow, max-snippet:-1, max-image-preview:large, max-video-preview:-1\" \/>\n<link rel=\"canonical\" href=\"https:\/\/fullcircle.es\/en\/digitalizacion-de-pymes-kit-consulting\/optimizacion-y-digitalizacion-de-procesos\/\" \/>\n<meta property=\"og:locale\" content=\"en_US\" \/>\n<meta property=\"og:type\" content=\"article\" \/>\n<meta property=\"og:title\" content=\"Optimizaci\u00f3n y digitalizaci\u00f3n de procesos | Fullcircle\" \/>\n<meta property=\"og:description\" content=\"Servicio de Asesoramiento en Procesos de Negocio El principal objetivo de este servicio es identificar las \u00e1reas de mejora y optimizaci\u00f3n en los procesos empresariales actuales de tu pyme, as\u00ed como la definici\u00f3n de un plan personalizado de mejora de procesos en \u00e1reas clave. Tras un an\u00e1lisis de la situaci\u00f3n actual ofrecemos un dise\u00f1o del [&hellip;]\" \/>\n<meta property=\"og:url\" content=\"https:\/\/fullcircle.es\/en\/digitalizacion-de-pymes-kit-consulting\/optimizacion-y-digitalizacion-de-procesos\/\" \/>\n<meta property=\"og:site_name\" content=\"Fullcircle\" \/>\n<meta property=\"article:modified_time\" content=\"2025-11-28T08:17:23+00:00\" \/>\n<meta name=\"twitter:card\" content=\"summary_large_image\" \/>\n<meta name=\"twitter:label1\" content=\"Est. reading time\" \/>\n\t<meta name=\"twitter:data1\" content=\"2 minutes\" \/>\n<script type=\"application\/ld+json\" class=\"yoast-schema-graph\">{\"@context\":\"https:\/\/schema.org\",\"@graph\":[{\"@type\":\"WebPage\",\"@id\":\"https:\/\/fullcircle.es\/en\/digitalizacion-de-pymes-kit-consulting\/optimizacion-y-digitalizacion-de-procesos\/\",\"url\":\"https:\/\/fullcircle.es\/en\/digitalizacion-de-pymes-kit-consulting\/optimizacion-y-digitalizacion-de-procesos\/\",\"name\":\"Optimizaci\u00f3n y digitalizaci\u00f3n de procesos | Fullcircle\",\"isPartOf\":{\"@id\":\"https:\/\/fullcircle.es\/en\/#website\"},\"datePublished\":\"2024-07-15T11:01:39+00:00\",\"dateModified\":\"2025-11-28T08:17:23+00:00\",\"breadcrumb\":{\"@id\":\"https:\/\/fullcircle.es\/en\/digitalizacion-de-pymes-kit-consulting\/optimizacion-y-digitalizacion-de-procesos\/#breadcrumb\"},\"inLanguage\":\"en-US\",\"potentialAction\":[{\"@type\":\"ReadAction\",\"target\":[[\"https:\/\/fullcircle.es\/en\/digitalizacion-de-pymes-kit-consulting\/optimizacion-y-digitalizacion-de-procesos\/\"]]}]},{\"@type\":\"BreadcrumbList\",\"@id\":\"https:\/\/fullcircle.es\/en\/digitalizacion-de-pymes-kit-consulting\/optimizacion-y-digitalizacion-de-procesos\/#breadcrumb\",\"itemListElement\":[{\"@type\":\"ListItem\",\"position\":1,\"name\":\"Inicio\",\"item\":\"https:\/\/fullcircle.es\/en\/\"},{\"@type\":\"ListItem\",\"position\":2,\"name\":\"Digitalizaci\u00f3n de PYMES &#8211; KIT CONSULTING\",\"item\":\"https:\/\/fullcircle.es\/en\/digitalizacion-de-pymes-kit-consulting\/\"},{\"@type\":\"ListItem\",\"position\":3,\"name\":\"Optimizaci\u00f3n y digitalizaci\u00f3n de procesos\"}]},{\"@type\":\"WebSite\",\"@id\":\"https:\/\/fullcircle.es\/en\/#website\",\"url\":\"https:\/\/fullcircle.es\/en\/\",\"name\":\"Fullcircle\",\"description\":\"Digital design, development and transformation\",\"publisher\":{\"@id\":\"https:\/\/fullcircle.es\/en\/#organization\"},\"potentialAction\":[{\"@type\":\"SearchAction\",\"target\":{\"@type\":\"EntryPoint\",\"urlTemplate\":\"https:\/\/fullcircle.es\/en\/?s={search_term_string}\"},\"query-input\":{\"@type\":\"PropertyValueSpecification\",\"valueRequired\":true,\"valueName\":\"search_term_string\"}}],\"inLanguage\":\"en-US\"},{\"@type\":\"Organization\",\"@id\":\"https:\/\/fullcircle.es\/en\/#organization\",\"name\":\"Fullcircle\",\"url\":\"https:\/\/fullcircle.es\/en\/\",\"logo\":{\"@type\":\"ImageObject\",\"inLanguage\":\"en-US\",\"@id\":\"https:\/\/fullcircle.es\/en\/#\/schema\/logo\/image\/\",\"url\":\"https:\/\/fullcircle.es\/wp-content\/uploads\/2023\/09\/fullcircle-digital-transformation.png\",\"contentUrl\":\"https:\/\/fullcircle.es\/wp-content\/uploads\/2023\/09\/fullcircle-digital-transformation.png\",\"width\":1200,\"height\":408,\"caption\":\"Fullcircle\"},\"image\":{\"@id\":\"https:\/\/fullcircle.es\/en\/#\/schema\/logo\/image\/\"}}]}<\/script>\n<!-- \/ Yoast SEO plugin. -->","yoast_head_json":{"title":"Optimizaci\u00f3n y digitalizaci\u00f3n de procesos | Fullcircle","robots":{"index":"index","follow":"follow","max-snippet":"max-snippet:-1","max-image-preview":"max-image-preview:large","max-video-preview":"max-video-preview:-1"},"canonical":"https:\/\/fullcircle.es\/en\/digitalizacion-de-pymes-kit-consulting\/optimizacion-y-digitalizacion-de-procesos\/","og_locale":"en_US","og_type":"article","og_title":"Optimizaci\u00f3n y digitalizaci\u00f3n de procesos | Fullcircle","og_description":"Servicio de Asesoramiento en Procesos de Negocio El principal objetivo de este servicio es identificar las \u00e1reas de mejora y optimizaci\u00f3n en los procesos empresariales actuales de tu pyme, as\u00ed como la definici\u00f3n de un plan personalizado de mejora de procesos en \u00e1reas clave. Tras un an\u00e1lisis de la situaci\u00f3n actual ofrecemos un dise\u00f1o del [&hellip;]","og_url":"https:\/\/fullcircle.es\/en\/digitalizacion-de-pymes-kit-consulting\/optimizacion-y-digitalizacion-de-procesos\/","og_site_name":"Fullcircle","article_modified_time":"2025-11-28T08:17:23+00:00","twitter_card":"summary_large_image","twitter_misc":{"Est. reading time":"2 minutes"},"schema":{"@context":"https:\/\/schema.org","@graph":[{"@type":"WebPage","@id":"https:\/\/fullcircle.es\/en\/digitalizacion-de-pymes-kit-consulting\/optimizacion-y-digitalizacion-de-procesos\/","url":"https:\/\/fullcircle.es\/en\/digitalizacion-de-pymes-kit-consulting\/optimizacion-y-digitalizacion-de-procesos\/","name":"Optimizaci\u00f3n y digitalizaci\u00f3n de procesos | Fullcircle","isPartOf":{"@id":"https:\/\/fullcircle.es\/en\/#website"},"datePublished":"2024-07-15T11:01:39+00:00","dateModified":"2025-11-28T08:17:23+00:00","breadcrumb":{"@id":"https:\/\/fullcircle.es\/en\/digitalizacion-de-pymes-kit-consulting\/optimizacion-y-digitalizacion-de-procesos\/#breadcrumb"},"inLanguage":"en-US","potentialAction":[{"@type":"ReadAction","target":[["https:\/\/fullcircle.es\/en\/digitalizacion-de-pymes-kit-consulting\/optimizacion-y-digitalizacion-de-procesos\/"]]}]},{"@type":"BreadcrumbList","@id":"https:\/\/fullcircle.es\/en\/digitalizacion-de-pymes-kit-consulting\/optimizacion-y-digitalizacion-de-procesos\/#breadcrumb","itemListElement":[{"@type":"ListItem","position":1,"name":"Inicio","item":"https:\/\/fullcircle.es\/en\/"},{"@type":"ListItem","position":2,"name":"Digitalizaci\u00f3n de PYMES &#8211; KIT CONSULTING","item":"https:\/\/fullcircle.es\/en\/digitalizacion-de-pymes-kit-consulting\/"},{"@type":"ListItem","position":3,"name":"Optimizaci\u00f3n y digitalizaci\u00f3n de procesos"}]},{"@type":"WebSite","@id":"https:\/\/fullcircle.es\/en\/#website","url":"https:\/\/fullcircle.es\/en\/","name":"Fullcircle","description":"Digital design, development and transformation","publisher":{"@id":"https:\/\/fullcircle.es\/en\/#organization"},"potentialAction":[{"@type":"SearchAction","target":{"@type":"EntryPoint","urlTemplate":"https:\/\/fullcircle.es\/en\/?s={search_term_string}"},"query-input":{"@type":"PropertyValueSpecification","valueRequired":true,"valueName":"search_term_string"}}],"inLanguage":"en-US"},{"@type":"Organization","@id":"https:\/\/fullcircle.es\/en\/#organization","name":"Fullcircle","url":"https:\/\/fullcircle.es\/en\/","logo":{"@type":"ImageObject","inLanguage":"en-US","@id":"https:\/\/fullcircle.es\/en\/#\/schema\/logo\/image\/","url":"https:\/\/fullcircle.es\/wp-content\/uploads\/2023\/09\/fullcircle-digital-transformation.png","contentUrl":"https:\/\/fullcircle.es\/wp-content\/uploads\/2023\/09\/fullcircle-digital-transformation.png","width":1200,"height":408,"caption":"Fullcircle"},"image":{"@id":"https:\/\/fullcircle.es\/en\/#\/schema\/logo\/image\/"}}]}},"_links":{"self":[{"href":"https:\/\/fullcircle.es\/en\/wp-json\/wp\/v2\/pages\/1706","targetHints":{"allow":["GET"]}}],"collection":[{"href":"https:\/\/fullcircle.es\/en\/wp-json\/wp\/v2\/pages"}],"about":[{"href":"https:\/\/fullcircle.es\/en\/wp-json\/wp\/v2\/types\/page"}],"author":[{"embeddable":true,"href":"https:\/\/fullcircle.es\/en\/wp-json\/wp\/v2\/users\/2"}],"replies":[{"embeddable":true,"href":"https:\/\/fullcircle.es\/en\/wp-json\/wp\/v2\/comments?post=1706"}],"version-history":[{"count":3,"href":"https:\/\/fullcircle.es\/en\/wp-json\/wp\/v2\/pages\/1706\/revisions"}],"predecessor-version":[{"id":1852,"href":"https:\/\/fullcircle.es\/en\/wp-json\/wp\/v2\/pages\/1706\/revisions\/1852"}],"up":[{"embeddable":true,"href":"https:\/\/fullcircle.es\/en\/wp-json\/wp\/v2\/pages\/726"}],"wp:attachment":[{"href":"https:\/\/fullcircle.es\/en\/wp-json\/wp\/v2\/media?parent=1706"}],"curies":[{"name":"wp","href":"https:\/\/api.w.org\/{rel}","templated":true}]}}