{"id":2094,"date":"2026-02-20T11:29:18","date_gmt":"2026-02-20T10:29:18","guid":{"rendered":"https:\/\/fullcircle.es\/?page_id=2094"},"modified":"2026-04-07T19:35:33","modified_gmt":"2026-04-07T17:35:33","slug":"partner-oficial-odoo-en-espana","status":"publish","type":"page","link":"https:\/\/fullcircle.es\/en\/official-odoo-partner-spain\/","title":{"rendered":"Official Odoo Partner in Spain"},"content":{"rendered":"<p><\/p>\n<h2><strong>Comprehensive ERP implementation for SMEs and medium-sized companies<\/strong><\/h2>\n<p>At Fullcircle, we are an <strong>Official Partner of Odoo in Spain<\/strong>, specialists in the implementation of <strong>comprehensive ERP for SMEs and medium-sized companies<\/strong> that need to unify their management, automate processes, and comply with current regulations such as <strong>Veri*factu<\/strong>.<\/p>\n<p>We help organizations with 10 &#8211; 250 employees replace fragmented systems with a <strong>single, cross-functional, and scalable ERP<\/strong> tailored to their operational reality.<\/p>","protected":false},"excerpt":{"rendered":"Comprehensive ERP implementation for SMEs and medium-sized companies At Fullcircle, we are an Official Partner of Odoo in Spain, specialists in the implementation of comprehensive ERP for SMEs and medium-sized companies that need to unify their management, automate processes, and comply with current regulations such as Veri*factu. We help organizations with 10 &#8211; 250 employees [&hellip;]","protected":false},"author":1,"featured_media":0,"parent":0,"menu_order":0,"comment_status":"closed","ping_status":"closed","template":"templates\/fc-flexible.php","meta":{"_acf_changed":false,"footnotes":""},"class_list":["post-2094","page","type-page","status-publish","hentry"],"acf":[],"yoast_head":"<!-- This site is optimized with the Yoast SEO plugin v26.7 - https:\/\/yoast.com\/wordpress\/plugins\/seo\/ -->\n<title>Official Odoo Partner in Spain | Fullcircle<\/title>\n<meta name=\"description\" content=\"Implantamos Odoo ERP para pymes y medianas empresas. Adaptaci\u00f3n a Verifactu 2027, automatizaci\u00f3n y gesti\u00f3n integral en una sola plataforma.\" \/>\n<meta name=\"robots\" content=\"index, follow, max-snippet:-1, max-image-preview:large, max-video-preview:-1\" \/>\n<link rel=\"canonical\" href=\"https:\/\/fullcircle.es\/en\/partner-oficial-odoo-en-espana\/\" \/>\n<meta property=\"og:locale\" content=\"en_US\" \/>\n<meta property=\"og:type\" content=\"article\" \/>\n<meta property=\"og:title\" content=\"Official Odoo Partner in Spain | Fullcircle\" \/>\n<meta property=\"og:description\" content=\"Implantamos Odoo ERP para pymes y medianas empresas. Adaptaci\u00f3n a Verifactu 2027, automatizaci\u00f3n y gesti\u00f3n integral en una sola plataforma.\" \/>\n<meta property=\"og:url\" content=\"https:\/\/fullcircle.es\/en\/partner-oficial-odoo-en-espana\/\" \/>\n<meta property=\"og:site_name\" content=\"Fullcircle\" \/>\n<meta property=\"article:modified_time\" content=\"2026-04-07T17:35:33+00:00\" \/>\n<meta name=\"twitter:card\" content=\"summary_large_image\" \/>\n<meta name=\"twitter:label1\" content=\"Est. reading time\" \/>\n\t<meta name=\"twitter:data1\" content=\"1 minute\" \/>\n<script type=\"application\/ld+json\" class=\"yoast-schema-graph\">{\"@context\":\"https:\/\/schema.org\",\"@graph\":[{\"@type\":\"WebPage\",\"@id\":\"https:\/\/fullcircle.es\/en\/partner-oficial-odoo-en-espana\/\",\"url\":\"https:\/\/fullcircle.es\/en\/partner-oficial-odoo-en-espana\/\",\"name\":\"Official Odoo Partner in Spain | Fullcircle\",\"isPartOf\":{\"@id\":\"https:\/\/fullcircle.es\/en\/#website\"},\"datePublished\":\"2026-02-20T10:29:18+00:00\",\"dateModified\":\"2026-04-07T17:35:33+00:00\",\"description\":\"Implantamos Odoo ERP para pymes y medianas empresas. Adaptaci\u00f3n a Verifactu 2027, automatizaci\u00f3n y gesti\u00f3n integral en una sola plataforma.\",\"breadcrumb\":{\"@id\":\"https:\/\/fullcircle.es\/en\/partner-oficial-odoo-en-espana\/#breadcrumb\"},\"inLanguage\":\"en-US\",\"potentialAction\":[{\"@type\":\"ReadAction\",\"target\":[[\"https:\/\/fullcircle.es\/en\/partner-oficial-odoo-en-espana\/\"]]}]},{\"@type\":\"BreadcrumbList\",\"@id\":\"https:\/\/fullcircle.es\/en\/partner-oficial-odoo-en-espana\/#breadcrumb\",\"itemListElement\":[{\"@type\":\"ListItem\",\"position\":1,\"name\":\"Inicio\",\"item\":\"https:\/\/fullcircle.es\/en\/\"},{\"@type\":\"ListItem\",\"position\":2,\"name\":\"Partner Oficial Odoo en Espa\u00f1a\"}]},{\"@type\":\"WebSite\",\"@id\":\"https:\/\/fullcircle.es\/en\/#website\",\"url\":\"https:\/\/fullcircle.es\/en\/\",\"name\":\"Fullcircle\",\"description\":\"Digital design, development and transformation\",\"publisher\":{\"@id\":\"https:\/\/fullcircle.es\/en\/#organization\"},\"potentialAction\":[{\"@type\":\"SearchAction\",\"target\":{\"@type\":\"EntryPoint\",\"urlTemplate\":\"https:\/\/fullcircle.es\/en\/?s={search_term_string}\"},\"query-input\":{\"@type\":\"PropertyValueSpecification\",\"valueRequired\":true,\"valueName\":\"search_term_string\"}}],\"inLanguage\":\"en-US\"},{\"@type\":\"Organization\",\"@id\":\"https:\/\/fullcircle.es\/en\/#organization\",\"name\":\"Fullcircle\",\"url\":\"https:\/\/fullcircle.es\/en\/\",\"logo\":{\"@type\":\"ImageObject\",\"inLanguage\":\"en-US\",\"@id\":\"https:\/\/fullcircle.es\/en\/#\/schema\/logo\/image\/\",\"url\":\"https:\/\/fullcircle.es\/wp-content\/uploads\/2023\/09\/fullcircle-digital-transformation.png\",\"contentUrl\":\"https:\/\/fullcircle.es\/wp-content\/uploads\/2023\/09\/fullcircle-digital-transformation.png\",\"width\":1200,\"height\":408,\"caption\":\"Fullcircle\"},\"image\":{\"@id\":\"https:\/\/fullcircle.es\/en\/#\/schema\/logo\/image\/\"}}]}<\/script>\n<!-- \/ Yoast SEO plugin. -->","yoast_head_json":{"title":"Official Odoo Partner in Spain | Fullcircle","description":"Implantamos Odoo ERP para pymes y medianas empresas. Adaptaci\u00f3n a Verifactu 2027, automatizaci\u00f3n y gesti\u00f3n integral en una sola plataforma.","robots":{"index":"index","follow":"follow","max-snippet":"max-snippet:-1","max-image-preview":"max-image-preview:large","max-video-preview":"max-video-preview:-1"},"canonical":"https:\/\/fullcircle.es\/en\/partner-oficial-odoo-en-espana\/","og_locale":"en_US","og_type":"article","og_title":"Official Odoo Partner in Spain | Fullcircle","og_description":"Implantamos Odoo ERP para pymes y medianas empresas. Adaptaci\u00f3n a Verifactu 2027, automatizaci\u00f3n y gesti\u00f3n integral en una sola plataforma.","og_url":"https:\/\/fullcircle.es\/en\/partner-oficial-odoo-en-espana\/","og_site_name":"Fullcircle","article_modified_time":"2026-04-07T17:35:33+00:00","twitter_card":"summary_large_image","twitter_misc":{"Est. reading time":"1 minute"},"schema":{"@context":"https:\/\/schema.org","@graph":[{"@type":"WebPage","@id":"https:\/\/fullcircle.es\/en\/partner-oficial-odoo-en-espana\/","url":"https:\/\/fullcircle.es\/en\/partner-oficial-odoo-en-espana\/","name":"Official Odoo Partner in Spain | Fullcircle","isPartOf":{"@id":"https:\/\/fullcircle.es\/en\/#website"},"datePublished":"2026-02-20T10:29:18+00:00","dateModified":"2026-04-07T17:35:33+00:00","description":"Implantamos Odoo ERP para pymes y medianas empresas. Adaptaci\u00f3n a Verifactu 2027, automatizaci\u00f3n y gesti\u00f3n integral en una sola plataforma.","breadcrumb":{"@id":"https:\/\/fullcircle.es\/en\/partner-oficial-odoo-en-espana\/#breadcrumb"},"inLanguage":"en-US","potentialAction":[{"@type":"ReadAction","target":[["https:\/\/fullcircle.es\/en\/partner-oficial-odoo-en-espana\/"]]}]},{"@type":"BreadcrumbList","@id":"https:\/\/fullcircle.es\/en\/partner-oficial-odoo-en-espana\/#breadcrumb","itemListElement":[{"@type":"ListItem","position":1,"name":"Inicio","item":"https:\/\/fullcircle.es\/en\/"},{"@type":"ListItem","position":2,"name":"Partner Oficial Odoo en Espa\u00f1a"}]},{"@type":"WebSite","@id":"https:\/\/fullcircle.es\/en\/#website","url":"https:\/\/fullcircle.es\/en\/","name":"Fullcircle","description":"Digital design, development and transformation","publisher":{"@id":"https:\/\/fullcircle.es\/en\/#organization"},"potentialAction":[{"@type":"SearchAction","target":{"@type":"EntryPoint","urlTemplate":"https:\/\/fullcircle.es\/en\/?s={search_term_string}"},"query-input":{"@type":"PropertyValueSpecification","valueRequired":true,"valueName":"search_term_string"}}],"inLanguage":"en-US"},{"@type":"Organization","@id":"https:\/\/fullcircle.es\/en\/#organization","name":"Fullcircle","url":"https:\/\/fullcircle.es\/en\/","logo":{"@type":"ImageObject","inLanguage":"en-US","@id":"https:\/\/fullcircle.es\/en\/#\/schema\/logo\/image\/","url":"https:\/\/fullcircle.es\/wp-content\/uploads\/2023\/09\/fullcircle-digital-transformation.png","contentUrl":"https:\/\/fullcircle.es\/wp-content\/uploads\/2023\/09\/fullcircle-digital-transformation.png","width":1200,"height":408,"caption":"Fullcircle"},"image":{"@id":"https:\/\/fullcircle.es\/en\/#\/schema\/logo\/image\/"}}]}},"_links":{"self":[{"href":"https:\/\/fullcircle.es\/en\/wp-json\/wp\/v2\/pages\/2094","targetHints":{"allow":["GET"]}}],"collection":[{"href":"https:\/\/fullcircle.es\/en\/wp-json\/wp\/v2\/pages"}],"about":[{"href":"https:\/\/fullcircle.es\/en\/wp-json\/wp\/v2\/types\/page"}],"author":[{"embeddable":true,"href":"https:\/\/fullcircle.es\/en\/wp-json\/wp\/v2\/users\/1"}],"replies":[{"embeddable":true,"href":"https:\/\/fullcircle.es\/en\/wp-json\/wp\/v2\/comments?post=2094"}],"version-history":[{"count":95,"href":"https:\/\/fullcircle.es\/en\/wp-json\/wp\/v2\/pages\/2094\/revisions"}],"predecessor-version":[{"id":2679,"href":"https:\/\/fullcircle.es\/en\/wp-json\/wp\/v2\/pages\/2094\/revisions\/2679"}],"wp:attachment":[{"href":"https:\/\/fullcircle.es\/en\/wp-json\/wp\/v2\/media?parent=2094"}],"curies":[{"name":"wp","href":"https:\/\/api.w.org\/{rel}","templated":true}]}}