{"id":2228,"date":"2026-02-23T17:15:57","date_gmt":"2026-02-23T16:15:57","guid":{"rendered":"https:\/\/fullcircle.es\/?page_id=2228"},"modified":"2026-04-09T11:37:35","modified_gmt":"2026-04-09T09:37:35","slug":"pagina-comparativa-erps","status":"publish","type":"page","link":"https:\/\/fullcircle.es\/en\/comparativa-erp-para-pymes\/","title":{"rendered":"Comparativa ERP para pymes"},"content":{"rendered":"<p class=\"qtranxs-available-languages-message qtranxs-available-languages-message-en\">Sorry, this entry is only available in <a href=\"https:\/\/fullcircle.es\/es\/wp-json\/wp\/v2\/pages\/2228\" class=\"qtranxs-available-language-link qtranxs-available-language-link-es\" title=\"Espa\u00f1ol\">Espa\u00f1ol<\/a>.<\/p><p><\/p>\n<h2>Comparativa ERP para pymes: Odoo vs. Holded vs. Zoho<\/h2>\n<p><strong>\u00bfQu\u00e9 ERP es mejor para tu empresa?<\/strong> Elegir un ERP no es una decisi\u00f3n tecnol\u00f3gica, es una decisi\u00f3n estrat\u00e9gica.<\/p>\n<p>A continuaci\u00f3n analizamos las <strong>diferencias clave entre Odoo, Holded y Zoho<\/strong> para empresas medianas y pymes en crecimiento.<\/p>","protected":false},"excerpt":{"rendered":"Sorry, this entry is only available in Espa\u00f1ol. Comparativa ERP para pymes: Odoo vs. Holded vs. Zoho \u00bfQu\u00e9 ERP es mejor para tu empresa? Elegir un ERP no es una decisi\u00f3n tecnol\u00f3gica, es una decisi\u00f3n estrat\u00e9gica. A continuaci\u00f3n analizamos las diferencias clave entre Odoo, Holded y Zoho para empresas medianas y pymes en crecimiento.","protected":false},"author":1,"featured_media":0,"parent":0,"menu_order":0,"comment_status":"closed","ping_status":"closed","template":"templates\/fc-flexible.php","meta":{"_acf_changed":false,"footnotes":""},"class_list":["post-2228","page","type-page","status-publish","hentry"],"acf":[],"yoast_head":"<!-- This site is optimized with the Yoast SEO plugin v26.7 - https:\/\/yoast.com\/wordpress\/plugins\/seo\/ -->\n<title>Comparativa ERP para pymes | Fullcircle<\/title>\n<meta name=\"description\" content=\"Comparativa ERP para pymes: Odoo vs Holded vs Zoho. Analizamos diferencias, escalabilidad y adaptaci\u00f3n a Verifactu para ayudarte a elegir el mejor ERP.\" \/>\n<meta name=\"robots\" content=\"index, follow, max-snippet:-1, max-image-preview:large, max-video-preview:-1\" \/>\n<link rel=\"canonical\" href=\"https:\/\/fullcircle.es\/en\/comparativa-erp-para-pymes\/\" \/>\n<meta property=\"og:locale\" content=\"en_US\" \/>\n<meta property=\"og:type\" content=\"article\" \/>\n<meta property=\"og:title\" content=\"Comparativa ERP para pymes | Fullcircle\" \/>\n<meta property=\"og:description\" content=\"Comparativa ERP para pymes: Odoo vs Holded vs Zoho. Analizamos diferencias, escalabilidad y adaptaci\u00f3n a Verifactu para ayudarte a elegir el mejor ERP.\" \/>\n<meta property=\"og:url\" content=\"https:\/\/fullcircle.es\/en\/comparativa-erp-para-pymes\/\" \/>\n<meta property=\"og:site_name\" content=\"Fullcircle\" \/>\n<meta property=\"article:modified_time\" content=\"2026-04-09T09:37:35+00:00\" \/>\n<meta name=\"twitter:card\" content=\"summary_large_image\" \/>\n<meta name=\"twitter:label1\" content=\"Est. reading time\" \/>\n\t<meta name=\"twitter:data1\" content=\"1 minute\" \/>\n<script type=\"application\/ld+json\" class=\"yoast-schema-graph\">{\"@context\":\"https:\/\/schema.org\",\"@graph\":[{\"@type\":\"WebPage\",\"@id\":\"https:\/\/fullcircle.es\/en\/comparativa-erp-para-pymes\/\",\"url\":\"https:\/\/fullcircle.es\/en\/comparativa-erp-para-pymes\/\",\"name\":\"Comparativa ERP para pymes | Fullcircle\",\"isPartOf\":{\"@id\":\"https:\/\/fullcircle.es\/en\/#website\"},\"datePublished\":\"2026-02-23T16:15:57+00:00\",\"dateModified\":\"2026-04-09T09:37:35+00:00\",\"description\":\"Comparativa ERP para pymes: Odoo vs Holded vs Zoho. Analizamos diferencias, escalabilidad y adaptaci\u00f3n a Verifactu para ayudarte a elegir el mejor ERP.\",\"breadcrumb\":{\"@id\":\"https:\/\/fullcircle.es\/en\/comparativa-erp-para-pymes\/#breadcrumb\"},\"inLanguage\":\"en-US\",\"potentialAction\":[{\"@type\":\"ReadAction\",\"target\":[[\"https:\/\/fullcircle.es\/en\/comparativa-erp-para-pymes\/\"]]}]},{\"@type\":\"BreadcrumbList\",\"@id\":\"https:\/\/fullcircle.es\/en\/comparativa-erp-para-pymes\/#breadcrumb\",\"itemListElement\":[{\"@type\":\"ListItem\",\"position\":1,\"name\":\"Inicio\",\"item\":\"https:\/\/fullcircle.es\/en\/\"},{\"@type\":\"ListItem\",\"position\":2,\"name\":\"Comparativa ERP para pymes\"}]},{\"@type\":\"WebSite\",\"@id\":\"https:\/\/fullcircle.es\/en\/#website\",\"url\":\"https:\/\/fullcircle.es\/en\/\",\"name\":\"Fullcircle\",\"description\":\"Digital design, development and transformation\",\"publisher\":{\"@id\":\"https:\/\/fullcircle.es\/en\/#organization\"},\"potentialAction\":[{\"@type\":\"SearchAction\",\"target\":{\"@type\":\"EntryPoint\",\"urlTemplate\":\"https:\/\/fullcircle.es\/en\/?s={search_term_string}\"},\"query-input\":{\"@type\":\"PropertyValueSpecification\",\"valueRequired\":true,\"valueName\":\"search_term_string\"}}],\"inLanguage\":\"en-US\"},{\"@type\":\"Organization\",\"@id\":\"https:\/\/fullcircle.es\/en\/#organization\",\"name\":\"Fullcircle\",\"url\":\"https:\/\/fullcircle.es\/en\/\",\"logo\":{\"@type\":\"ImageObject\",\"inLanguage\":\"en-US\",\"@id\":\"https:\/\/fullcircle.es\/en\/#\/schema\/logo\/image\/\",\"url\":\"https:\/\/fullcircle.es\/wp-content\/uploads\/2023\/09\/fullcircle-digital-transformation.png\",\"contentUrl\":\"https:\/\/fullcircle.es\/wp-content\/uploads\/2023\/09\/fullcircle-digital-transformation.png\",\"width\":1200,\"height\":408,\"caption\":\"Fullcircle\"},\"image\":{\"@id\":\"https:\/\/fullcircle.es\/en\/#\/schema\/logo\/image\/\"}}]}<\/script>\n<!-- \/ Yoast SEO plugin. -->","yoast_head_json":{"title":"Comparativa ERP para pymes | Fullcircle","description":"Comparativa ERP para pymes: Odoo vs Holded vs Zoho. Analizamos diferencias, escalabilidad y adaptaci\u00f3n a Verifactu para ayudarte a elegir el mejor ERP.","robots":{"index":"index","follow":"follow","max-snippet":"max-snippet:-1","max-image-preview":"max-image-preview:large","max-video-preview":"max-video-preview:-1"},"canonical":"https:\/\/fullcircle.es\/en\/comparativa-erp-para-pymes\/","og_locale":"en_US","og_type":"article","og_title":"Comparativa ERP para pymes | Fullcircle","og_description":"Comparativa ERP para pymes: Odoo vs Holded vs Zoho. Analizamos diferencias, escalabilidad y adaptaci\u00f3n a Verifactu para ayudarte a elegir el mejor ERP.","og_url":"https:\/\/fullcircle.es\/en\/comparativa-erp-para-pymes\/","og_site_name":"Fullcircle","article_modified_time":"2026-04-09T09:37:35+00:00","twitter_card":"summary_large_image","twitter_misc":{"Est. reading time":"1 minute"},"schema":{"@context":"https:\/\/schema.org","@graph":[{"@type":"WebPage","@id":"https:\/\/fullcircle.es\/en\/comparativa-erp-para-pymes\/","url":"https:\/\/fullcircle.es\/en\/comparativa-erp-para-pymes\/","name":"Comparativa ERP para pymes | Fullcircle","isPartOf":{"@id":"https:\/\/fullcircle.es\/en\/#website"},"datePublished":"2026-02-23T16:15:57+00:00","dateModified":"2026-04-09T09:37:35+00:00","description":"Comparativa ERP para pymes: Odoo vs Holded vs Zoho. Analizamos diferencias, escalabilidad y adaptaci\u00f3n a Verifactu para ayudarte a elegir el mejor ERP.","breadcrumb":{"@id":"https:\/\/fullcircle.es\/en\/comparativa-erp-para-pymes\/#breadcrumb"},"inLanguage":"en-US","potentialAction":[{"@type":"ReadAction","target":[["https:\/\/fullcircle.es\/en\/comparativa-erp-para-pymes\/"]]}]},{"@type":"BreadcrumbList","@id":"https:\/\/fullcircle.es\/en\/comparativa-erp-para-pymes\/#breadcrumb","itemListElement":[{"@type":"ListItem","position":1,"name":"Inicio","item":"https:\/\/fullcircle.es\/en\/"},{"@type":"ListItem","position":2,"name":"Comparativa ERP para pymes"}]},{"@type":"WebSite","@id":"https:\/\/fullcircle.es\/en\/#website","url":"https:\/\/fullcircle.es\/en\/","name":"Fullcircle","description":"Digital design, development and transformation","publisher":{"@id":"https:\/\/fullcircle.es\/en\/#organization"},"potentialAction":[{"@type":"SearchAction","target":{"@type":"EntryPoint","urlTemplate":"https:\/\/fullcircle.es\/en\/?s={search_term_string}"},"query-input":{"@type":"PropertyValueSpecification","valueRequired":true,"valueName":"search_term_string"}}],"inLanguage":"en-US"},{"@type":"Organization","@id":"https:\/\/fullcircle.es\/en\/#organization","name":"Fullcircle","url":"https:\/\/fullcircle.es\/en\/","logo":{"@type":"ImageObject","inLanguage":"en-US","@id":"https:\/\/fullcircle.es\/en\/#\/schema\/logo\/image\/","url":"https:\/\/fullcircle.es\/wp-content\/uploads\/2023\/09\/fullcircle-digital-transformation.png","contentUrl":"https:\/\/fullcircle.es\/wp-content\/uploads\/2023\/09\/fullcircle-digital-transformation.png","width":1200,"height":408,"caption":"Fullcircle"},"image":{"@id":"https:\/\/fullcircle.es\/en\/#\/schema\/logo\/image\/"}}]}},"_links":{"self":[{"href":"https:\/\/fullcircle.es\/en\/wp-json\/wp\/v2\/pages\/2228","targetHints":{"allow":["GET"]}}],"collection":[{"href":"https:\/\/fullcircle.es\/en\/wp-json\/wp\/v2\/pages"}],"about":[{"href":"https:\/\/fullcircle.es\/en\/wp-json\/wp\/v2\/types\/page"}],"author":[{"embeddable":true,"href":"https:\/\/fullcircle.es\/en\/wp-json\/wp\/v2\/users\/1"}],"replies":[{"embeddable":true,"href":"https:\/\/fullcircle.es\/en\/wp-json\/wp\/v2\/comments?post=2228"}],"version-history":[{"count":22,"href":"https:\/\/fullcircle.es\/en\/wp-json\/wp\/v2\/pages\/2228\/revisions"}],"predecessor-version":[{"id":2692,"href":"https:\/\/fullcircle.es\/en\/wp-json\/wp\/v2\/pages\/2228\/revisions\/2692"}],"wp:attachment":[{"href":"https:\/\/fullcircle.es\/en\/wp-json\/wp\/v2\/media?parent=2228"}],"curies":[{"name":"wp","href":"https:\/\/api.w.org\/{rel}","templated":true}]}}