{"id":239,"date":"2019-01-29T11:33:37","date_gmt":"2019-01-29T10:33:37","guid":{"rendered":"http:\/\/dev.fullcircle.es\/?page_id=239"},"modified":"2025-02-05T13:00:42","modified_gmt":"2025-02-05T12:00:42","slug":"aviso-legal","status":"publish","type":"page","link":"https:\/\/fullcircle.es\/en\/aviso-legal\/","title":{"rendered":"Aviso Legal"},"content":{"rendered":"<p><\/p>\n<h3>Uso y acceso<\/h3>\n<p>El uso y acceso a los contenidos que alberga la presente P\u00e1gina Web implica el conocimiento y aceptaci\u00f3n incondicional de las presentes condiciones que tienen como objetivo informar a los usuarios de los derechos, usos, prohibiciones, responsabilidades, y dem\u00e1s circunstancias, que rigen a la hora de navegar por la P\u00e1gina Web titularidad de Full Circle S.L -en adelante, FullCircle.-<\/p>\n<p>La P\u00e1gina Web www.fullcircle.es alberga contenidos sujetos a derechos de propiedad intelectual e industrial. La utilizaci\u00f3n abusiva de aquellos fuera de los l\u00edmites establecidos en el presente clausulado pudiere causar responsabilidades.<\/p>\n<h3>Objeto<\/h3>\n<p>Las presentes condiciones regulan el acceso, navegaci\u00f3n y uso de la P\u00e1gina Web de\u00a0<a href=\"http:\/\/fullcircle.es\/\">fullcircle.es<\/a>. Del mismo modo, se regulan las responsabilidades derivadas de la utilizaci\u00f3n de sus contenidos -textos, gr\u00e1ficos, dibujos, dise\u00f1os, fotograf\u00edas, software, c\u00f3digos, v\u00eddeos, m\u00fasica, bases de datos, im\u00e1genes, informaciones as\u00ed como cualquier otra creaci\u00f3n protegida por las leyes nacionales y tratados internacionales sobre propiedad intelectual e industrial.-<\/p>\n<p>Las condiciones que rigen los diferentes servicios disponibles en la P\u00e1gina Web\u00a0<a href=\"http:\/\/fullcircle.es\/\">fullcircle.es<\/a>\u00a0est\u00e1n sujetas a la siguiente normativa, en la parte que le sea de aplicaci\u00f3n: Ley 34\/2002, de 11 de julio, de Servicios de la Sociedad de la Informaci\u00f3n y Comercio Electr\u00f3nico y normativa de desarrollo; as\u00ed como el Reglamento Europeo de Protecci\u00f3n de Datos 2016\/679 y normativa espa\u00f1ola aplicable en materia de protecci\u00f3n de datos, as\u00ed como toda aquella normativa que sea de aplicaci\u00f3n an\u00e1loga.<\/p>\n<h3>Titularidad<\/h3>\n<p>En cumplimiento con el art\u00edculo 10 de la Ley 34\/2002 de Servicios de la Sociedad de la Informaci\u00f3n y Comercio Electr\u00f3nico \u2013LSSICE- FULLCIRCLE. con CIF B87231635, y domicilio social en Calle Fuencarrral, 125 2\u00baD 28022 de Madrid, inscrita en el Registro Mercantil de Madrid, XXXXXXXXXXXXXXXXXXXXXXXXXXXXXXXXXXX, es la titular del dominio\u00a0<a href=\"http:\/\/fullcircle.es\/\">fullcircle.es<\/a>, facilit\u00e1ndole los siguientes medios de comunicaci\u00f3n y\/o contacto:<\/p>\n<p><strong>FullCircle:<\/strong><br \/>\nCalle Fuencarrral, 125 2\u00baD s28022 Madrid<br \/>\nTel\u00e9fono:\u00a0<a href=\"tel:+34914388878\">+34 914 388 878<\/a><br \/>\nCorreo electr\u00f3nico:\u00a0<a href=\"mailto:welcome@fullcircle.es\">welcome@fullcircle.es<\/a><\/p>","protected":false},"excerpt":{"rendered":"Uso y acceso El uso y acceso a los contenidos que alberga la presente P\u00e1gina Web implica el conocimiento y aceptaci\u00f3n incondicional de las presentes condiciones que tienen como objetivo informar a los usuarios de los derechos, usos, prohibiciones, responsabilidades, y dem\u00e1s circunstancias, que rigen a la hora de navegar por la P\u00e1gina Web titularidad [&hellip;]","protected":false},"author":1,"featured_media":0,"parent":0,"menu_order":20,"comment_status":"closed","ping_status":"closed","template":"","meta":{"_acf_changed":false,"footnotes":""},"class_list":["post-239","page","type-page","status-publish","hentry"],"acf":[],"yoast_head":"<!-- This site is optimized with the Yoast SEO plugin v26.7 - https:\/\/yoast.com\/wordpress\/plugins\/seo\/ -->\n<title>Aviso Legal | Fullcircle<\/title>\n<meta name=\"robots\" content=\"index, follow, max-snippet:-1, max-image-preview:large, max-video-preview:-1\" \/>\n<link rel=\"canonical\" href=\"https:\/\/fullcircle.es\/en\/aviso-legal\/\" \/>\n<meta property=\"og:locale\" content=\"en_US\" \/>\n<meta property=\"og:type\" content=\"article\" \/>\n<meta property=\"og:title\" content=\"Aviso Legal | Fullcircle\" \/>\n<meta property=\"og:description\" content=\"Uso y acceso El uso y acceso a los contenidos que alberga la presente P\u00e1gina Web implica el conocimiento y aceptaci\u00f3n incondicional de las presentes condiciones que tienen como objetivo informar a los usuarios de los derechos, usos, prohibiciones, responsabilidades, y dem\u00e1s circunstancias, que rigen a la hora de navegar por la P\u00e1gina Web titularidad [&hellip;]\" \/>\n<meta property=\"og:url\" content=\"https:\/\/fullcircle.es\/en\/aviso-legal\/\" \/>\n<meta property=\"og:site_name\" content=\"Fullcircle\" \/>\n<meta property=\"article:modified_time\" content=\"2025-02-05T12:00:42+00:00\" \/>\n<meta name=\"twitter:card\" content=\"summary_large_image\" \/>\n<meta name=\"twitter:label1\" content=\"Est. reading time\" \/>\n\t<meta name=\"twitter:data1\" content=\"2 minutes\" \/>\n<script type=\"application\/ld+json\" class=\"yoast-schema-graph\">{\"@context\":\"https:\/\/schema.org\",\"@graph\":[{\"@type\":\"WebPage\",\"@id\":\"https:\/\/fullcircle.es\/en\/aviso-legal\/\",\"url\":\"https:\/\/fullcircle.es\/en\/aviso-legal\/\",\"name\":\"Aviso Legal | Fullcircle\",\"isPartOf\":{\"@id\":\"https:\/\/fullcircle.es\/en\/#website\"},\"datePublished\":\"2019-01-29T10:33:37+00:00\",\"dateModified\":\"2025-02-05T12:00:42+00:00\",\"breadcrumb\":{\"@id\":\"https:\/\/fullcircle.es\/en\/aviso-legal\/#breadcrumb\"},\"inLanguage\":\"en-US\",\"potentialAction\":[{\"@type\":\"ReadAction\",\"target\":[[\"https:\/\/fullcircle.es\/en\/aviso-legal\/\"]]}]},{\"@type\":\"BreadcrumbList\",\"@id\":\"https:\/\/fullcircle.es\/en\/aviso-legal\/#breadcrumb\",\"itemListElement\":[{\"@type\":\"ListItem\",\"position\":1,\"name\":\"Inicio\",\"item\":\"https:\/\/fullcircle.es\/en\/\"},{\"@type\":\"ListItem\",\"position\":2,\"name\":\"Aviso Legal\"}]},{\"@type\":\"WebSite\",\"@id\":\"https:\/\/fullcircle.es\/en\/#website\",\"url\":\"https:\/\/fullcircle.es\/en\/\",\"name\":\"Fullcircle\",\"description\":\"Digital design, development and transformation\",\"publisher\":{\"@id\":\"https:\/\/fullcircle.es\/en\/#organization\"},\"potentialAction\":[{\"@type\":\"SearchAction\",\"target\":{\"@type\":\"EntryPoint\",\"urlTemplate\":\"https:\/\/fullcircle.es\/en\/?s={search_term_string}\"},\"query-input\":{\"@type\":\"PropertyValueSpecification\",\"valueRequired\":true,\"valueName\":\"search_term_string\"}}],\"inLanguage\":\"en-US\"},{\"@type\":\"Organization\",\"@id\":\"https:\/\/fullcircle.es\/en\/#organization\",\"name\":\"Fullcircle\",\"url\":\"https:\/\/fullcircle.es\/en\/\",\"logo\":{\"@type\":\"ImageObject\",\"inLanguage\":\"en-US\",\"@id\":\"https:\/\/fullcircle.es\/en\/#\/schema\/logo\/image\/\",\"url\":\"https:\/\/fullcircle.es\/wp-content\/uploads\/2023\/09\/fullcircle-digital-transformation.png\",\"contentUrl\":\"https:\/\/fullcircle.es\/wp-content\/uploads\/2023\/09\/fullcircle-digital-transformation.png\",\"width\":1200,\"height\":408,\"caption\":\"Fullcircle\"},\"image\":{\"@id\":\"https:\/\/fullcircle.es\/en\/#\/schema\/logo\/image\/\"}}]}<\/script>\n<!-- \/ Yoast SEO plugin. -->","yoast_head_json":{"title":"Aviso Legal | Fullcircle","robots":{"index":"index","follow":"follow","max-snippet":"max-snippet:-1","max-image-preview":"max-image-preview:large","max-video-preview":"max-video-preview:-1"},"canonical":"https:\/\/fullcircle.es\/en\/aviso-legal\/","og_locale":"en_US","og_type":"article","og_title":"Aviso Legal | Fullcircle","og_description":"Uso y acceso El uso y acceso a los contenidos que alberga la presente P\u00e1gina Web implica el conocimiento y aceptaci\u00f3n incondicional de las presentes condiciones que tienen como objetivo informar a los usuarios de los derechos, usos, prohibiciones, responsabilidades, y dem\u00e1s circunstancias, que rigen a la hora de navegar por la P\u00e1gina Web titularidad [&hellip;]","og_url":"https:\/\/fullcircle.es\/en\/aviso-legal\/","og_site_name":"Fullcircle","article_modified_time":"2025-02-05T12:00:42+00:00","twitter_card":"summary_large_image","twitter_misc":{"Est. reading time":"2 minutes"},"schema":{"@context":"https:\/\/schema.org","@graph":[{"@type":"WebPage","@id":"https:\/\/fullcircle.es\/en\/aviso-legal\/","url":"https:\/\/fullcircle.es\/en\/aviso-legal\/","name":"Aviso Legal | Fullcircle","isPartOf":{"@id":"https:\/\/fullcircle.es\/en\/#website"},"datePublished":"2019-01-29T10:33:37+00:00","dateModified":"2025-02-05T12:00:42+00:00","breadcrumb":{"@id":"https:\/\/fullcircle.es\/en\/aviso-legal\/#breadcrumb"},"inLanguage":"en-US","potentialAction":[{"@type":"ReadAction","target":[["https:\/\/fullcircle.es\/en\/aviso-legal\/"]]}]},{"@type":"BreadcrumbList","@id":"https:\/\/fullcircle.es\/en\/aviso-legal\/#breadcrumb","itemListElement":[{"@type":"ListItem","position":1,"name":"Inicio","item":"https:\/\/fullcircle.es\/en\/"},{"@type":"ListItem","position":2,"name":"Aviso Legal"}]},{"@type":"WebSite","@id":"https:\/\/fullcircle.es\/en\/#website","url":"https:\/\/fullcircle.es\/en\/","name":"Fullcircle","description":"Digital design, development and transformation","publisher":{"@id":"https:\/\/fullcircle.es\/en\/#organization"},"potentialAction":[{"@type":"SearchAction","target":{"@type":"EntryPoint","urlTemplate":"https:\/\/fullcircle.es\/en\/?s={search_term_string}"},"query-input":{"@type":"PropertyValueSpecification","valueRequired":true,"valueName":"search_term_string"}}],"inLanguage":"en-US"},{"@type":"Organization","@id":"https:\/\/fullcircle.es\/en\/#organization","name":"Fullcircle","url":"https:\/\/fullcircle.es\/en\/","logo":{"@type":"ImageObject","inLanguage":"en-US","@id":"https:\/\/fullcircle.es\/en\/#\/schema\/logo\/image\/","url":"https:\/\/fullcircle.es\/wp-content\/uploads\/2023\/09\/fullcircle-digital-transformation.png","contentUrl":"https:\/\/fullcircle.es\/wp-content\/uploads\/2023\/09\/fullcircle-digital-transformation.png","width":1200,"height":408,"caption":"Fullcircle"},"image":{"@id":"https:\/\/fullcircle.es\/en\/#\/schema\/logo\/image\/"}}]}},"_links":{"self":[{"href":"https:\/\/fullcircle.es\/en\/wp-json\/wp\/v2\/pages\/239","targetHints":{"allow":["GET"]}}],"collection":[{"href":"https:\/\/fullcircle.es\/en\/wp-json\/wp\/v2\/pages"}],"about":[{"href":"https:\/\/fullcircle.es\/en\/wp-json\/wp\/v2\/types\/page"}],"author":[{"embeddable":true,"href":"https:\/\/fullcircle.es\/en\/wp-json\/wp\/v2\/users\/1"}],"replies":[{"embeddable":true,"href":"https:\/\/fullcircle.es\/en\/wp-json\/wp\/v2\/comments?post=239"}],"version-history":[{"count":6,"href":"https:\/\/fullcircle.es\/en\/wp-json\/wp\/v2\/pages\/239\/revisions"}],"predecessor-version":[{"id":1743,"href":"https:\/\/fullcircle.es\/en\/wp-json\/wp\/v2\/pages\/239\/revisions\/1743"}],"wp:attachment":[{"href":"https:\/\/fullcircle.es\/en\/wp-json\/wp\/v2\/media?parent=239"}],"curies":[{"name":"wp","href":"https:\/\/api.w.org\/{rel}","templated":true}]}}