{"id":2743,"date":"2026-04-30T10:41:06","date_gmt":"2026-04-30T08:41:06","guid":{"rendered":"https:\/\/fullcircle.es\/?page_id=2743"},"modified":"2026-04-30T15:50:25","modified_gmt":"2026-04-30T13:50:25","slug":"soluciones-de-inteligencia-artificial-para-empresas","status":"publish","type":"page","link":"https:\/\/fullcircle.es\/en\/ai-for-business\/","title":{"rendered":"ERP and CRM"},"content":{"rendered":"<p><\/p>\n<h2>We solve the implementation, development and integration of integrated and scalable management systems<\/h2>\n<p>At Fullcircle we help companies between 10 and 250 employees to implement, redesign or integrate their <strong>digital management ecosystems<\/strong>, with a clear objective: Unify management, improve data governance and automate key business processes.<\/p>","protected":false},"excerpt":{"rendered":"We solve the implementation, development and integration of integrated and scalable management systems At Fullcircle we help companies between 10 and 250 employees to implement, redesign or integrate their digital management ecosystems, with a clear objective: Unify management, improve data governance and automate key business processes.","protected":false},"author":2,"featured_media":0,"parent":0,"menu_order":0,"comment_status":"closed","ping_status":"closed","template":"templates\/fc-flexible.php","meta":{"_acf_changed":false,"footnotes":""},"class_list":["post-2743","page","type-page","status-publish","hentry"],"acf":[],"yoast_head":"<!-- This site is optimized with the Yoast SEO plugin v26.7 - https:\/\/yoast.com\/wordpress\/plugins\/seo\/ -->\n<title>ERP and CRM | Fullcircle<\/title>\n<meta name=\"description\" content=\"Qu\u00e9 ofrecemos como consultora especializada en IA.Acompa\u00f1amos a empresas que quieren incorporar inteligencia artificial con una visi\u00f3n estrat\u00e9gica y operativa.Desde la consultor\u00eda inicial hasta el desarrollo de agentes propios, trabajamos para que la IA tenga impacto real en productividad, calidad y capacidad de decisi\u00f3n. Dise\u00f1amos soluciones que se integran en el d\u00eda a d\u00eda de la organizaci\u00f3n.\" \/>\n<meta name=\"robots\" content=\"index, follow, max-snippet:-1, max-image-preview:large, max-video-preview:-1\" \/>\n<link rel=\"canonical\" href=\"https:\/\/fullcircle.es\/en\/ia-para-empresas\/\" \/>\n<meta property=\"og:locale\" content=\"en_US\" \/>\n<meta property=\"og:type\" content=\"article\" \/>\n<meta property=\"og:title\" content=\"ERP and CRM | Fullcircle\" \/>\n<meta property=\"og:description\" content=\"Qu\u00e9 ofrecemos como consultora especializada en IA.Acompa\u00f1amos a empresas que quieren incorporar inteligencia artificial con una visi\u00f3n estrat\u00e9gica y operativa.Desde la consultor\u00eda inicial hasta el desarrollo de agentes propios, trabajamos para que la IA tenga impacto real en productividad, calidad y capacidad de decisi\u00f3n. Dise\u00f1amos soluciones que se integran en el d\u00eda a d\u00eda de la organizaci\u00f3n.\" \/>\n<meta property=\"og:url\" content=\"https:\/\/fullcircle.es\/en\/ia-para-empresas\/\" \/>\n<meta property=\"og:site_name\" content=\"Fullcircle\" \/>\n<meta property=\"article:modified_time\" content=\"2026-04-30T13:50:25+00:00\" \/>\n<meta name=\"twitter:card\" content=\"summary_large_image\" \/>\n<meta name=\"twitter:label1\" content=\"Est. reading time\" \/>\n\t<meta name=\"twitter:data1\" content=\"1 minute\" \/>\n<script type=\"application\/ld+json\" class=\"yoast-schema-graph\">{\"@context\":\"https:\/\/schema.org\",\"@graph\":[{\"@type\":\"WebPage\",\"@id\":\"https:\/\/fullcircle.es\/en\/ia-para-empresas\/\",\"url\":\"https:\/\/fullcircle.es\/en\/ia-para-empresas\/\",\"name\":\"ERP and CRM | Fullcircle\",\"isPartOf\":{\"@id\":\"https:\/\/fullcircle.es\/en\/#website\"},\"datePublished\":\"2026-04-30T08:41:06+00:00\",\"dateModified\":\"2026-04-30T13:50:25+00:00\",\"description\":\"Qu\u00e9 ofrecemos como consultora especializada en IA.Acompa\u00f1amos a empresas que quieren incorporar inteligencia artificial con una visi\u00f3n estrat\u00e9gica y operativa.Desde la consultor\u00eda inicial hasta el desarrollo de agentes propios, trabajamos para que la IA tenga impacto real en productividad, calidad y capacidad de decisi\u00f3n. Dise\u00f1amos soluciones que se integran en el d\u00eda a d\u00eda de la organizaci\u00f3n.\",\"breadcrumb\":{\"@id\":\"https:\/\/fullcircle.es\/en\/ia-para-empresas\/#breadcrumb\"},\"inLanguage\":\"en-US\",\"potentialAction\":[{\"@type\":\"ReadAction\",\"target\":[[\"https:\/\/fullcircle.es\/en\/ia-para-empresas\/\"]]}]},{\"@type\":\"BreadcrumbList\",\"@id\":\"https:\/\/fullcircle.es\/en\/ia-para-empresas\/#breadcrumb\",\"itemListElement\":[{\"@type\":\"ListItem\",\"position\":1,\"name\":\"Inicio\",\"item\":\"https:\/\/fullcircle.es\/en\/\"},{\"@type\":\"ListItem\",\"position\":2,\"name\":\"Soluciones de Inteligencia Artificial para empresas\"}]},{\"@type\":\"WebSite\",\"@id\":\"https:\/\/fullcircle.es\/en\/#website\",\"url\":\"https:\/\/fullcircle.es\/en\/\",\"name\":\"Fullcircle\",\"description\":\"Digital design, development and transformation\",\"publisher\":{\"@id\":\"https:\/\/fullcircle.es\/en\/#organization\"},\"potentialAction\":[{\"@type\":\"SearchAction\",\"target\":{\"@type\":\"EntryPoint\",\"urlTemplate\":\"https:\/\/fullcircle.es\/en\/?s={search_term_string}\"},\"query-input\":{\"@type\":\"PropertyValueSpecification\",\"valueRequired\":true,\"valueName\":\"search_term_string\"}}],\"inLanguage\":\"en-US\"},{\"@type\":\"Organization\",\"@id\":\"https:\/\/fullcircle.es\/en\/#organization\",\"name\":\"Fullcircle\",\"url\":\"https:\/\/fullcircle.es\/en\/\",\"logo\":{\"@type\":\"ImageObject\",\"inLanguage\":\"en-US\",\"@id\":\"https:\/\/fullcircle.es\/en\/#\/schema\/logo\/image\/\",\"url\":\"https:\/\/fullcircle.es\/wp-content\/uploads\/2023\/09\/fullcircle-digital-transformation.png\",\"contentUrl\":\"https:\/\/fullcircle.es\/wp-content\/uploads\/2023\/09\/fullcircle-digital-transformation.png\",\"width\":1200,\"height\":408,\"caption\":\"Fullcircle\"},\"image\":{\"@id\":\"https:\/\/fullcircle.es\/en\/#\/schema\/logo\/image\/\"}}]}<\/script>\n<!-- \/ Yoast SEO plugin. -->","yoast_head_json":{"title":"ERP and CRM | Fullcircle","description":"Qu\u00e9 ofrecemos como consultora especializada en IA.Acompa\u00f1amos a empresas que quieren incorporar inteligencia artificial con una visi\u00f3n estrat\u00e9gica y operativa.Desde la consultor\u00eda inicial hasta el desarrollo de agentes propios, trabajamos para que la IA tenga impacto real en productividad, calidad y capacidad de decisi\u00f3n. Dise\u00f1amos soluciones que se integran en el d\u00eda a d\u00eda de la organizaci\u00f3n.","robots":{"index":"index","follow":"follow","max-snippet":"max-snippet:-1","max-image-preview":"max-image-preview:large","max-video-preview":"max-video-preview:-1"},"canonical":"https:\/\/fullcircle.es\/en\/ia-para-empresas\/","og_locale":"en_US","og_type":"article","og_title":"ERP and CRM | Fullcircle","og_description":"Qu\u00e9 ofrecemos como consultora especializada en IA.Acompa\u00f1amos a empresas que quieren incorporar inteligencia artificial con una visi\u00f3n estrat\u00e9gica y operativa.Desde la consultor\u00eda inicial hasta el desarrollo de agentes propios, trabajamos para que la IA tenga impacto real en productividad, calidad y capacidad de decisi\u00f3n. Dise\u00f1amos soluciones que se integran en el d\u00eda a d\u00eda de la organizaci\u00f3n.","og_url":"https:\/\/fullcircle.es\/en\/ia-para-empresas\/","og_site_name":"Fullcircle","article_modified_time":"2026-04-30T13:50:25+00:00","twitter_card":"summary_large_image","twitter_misc":{"Est. reading time":"1 minute"},"schema":{"@context":"https:\/\/schema.org","@graph":[{"@type":"WebPage","@id":"https:\/\/fullcircle.es\/en\/ia-para-empresas\/","url":"https:\/\/fullcircle.es\/en\/ia-para-empresas\/","name":"ERP and CRM | Fullcircle","isPartOf":{"@id":"https:\/\/fullcircle.es\/en\/#website"},"datePublished":"2026-04-30T08:41:06+00:00","dateModified":"2026-04-30T13:50:25+00:00","description":"Qu\u00e9 ofrecemos como consultora especializada en IA.Acompa\u00f1amos a empresas que quieren incorporar inteligencia artificial con una visi\u00f3n estrat\u00e9gica y operativa.Desde la consultor\u00eda inicial hasta el desarrollo de agentes propios, trabajamos para que la IA tenga impacto real en productividad, calidad y capacidad de decisi\u00f3n. Dise\u00f1amos soluciones que se integran en el d\u00eda a d\u00eda de la organizaci\u00f3n.","breadcrumb":{"@id":"https:\/\/fullcircle.es\/en\/ia-para-empresas\/#breadcrumb"},"inLanguage":"en-US","potentialAction":[{"@type":"ReadAction","target":[["https:\/\/fullcircle.es\/en\/ia-para-empresas\/"]]}]},{"@type":"BreadcrumbList","@id":"https:\/\/fullcircle.es\/en\/ia-para-empresas\/#breadcrumb","itemListElement":[{"@type":"ListItem","position":1,"name":"Inicio","item":"https:\/\/fullcircle.es\/en\/"},{"@type":"ListItem","position":2,"name":"Soluciones de Inteligencia Artificial para empresas"}]},{"@type":"WebSite","@id":"https:\/\/fullcircle.es\/en\/#website","url":"https:\/\/fullcircle.es\/en\/","name":"Fullcircle","description":"Digital design, development and transformation","publisher":{"@id":"https:\/\/fullcircle.es\/en\/#organization"},"potentialAction":[{"@type":"SearchAction","target":{"@type":"EntryPoint","urlTemplate":"https:\/\/fullcircle.es\/en\/?s={search_term_string}"},"query-input":{"@type":"PropertyValueSpecification","valueRequired":true,"valueName":"search_term_string"}}],"inLanguage":"en-US"},{"@type":"Organization","@id":"https:\/\/fullcircle.es\/en\/#organization","name":"Fullcircle","url":"https:\/\/fullcircle.es\/en\/","logo":{"@type":"ImageObject","inLanguage":"en-US","@id":"https:\/\/fullcircle.es\/en\/#\/schema\/logo\/image\/","url":"https:\/\/fullcircle.es\/wp-content\/uploads\/2023\/09\/fullcircle-digital-transformation.png","contentUrl":"https:\/\/fullcircle.es\/wp-content\/uploads\/2023\/09\/fullcircle-digital-transformation.png","width":1200,"height":408,"caption":"Fullcircle"},"image":{"@id":"https:\/\/fullcircle.es\/en\/#\/schema\/logo\/image\/"}}]}},"_links":{"self":[{"href":"https:\/\/fullcircle.es\/en\/wp-json\/wp\/v2\/pages\/2743","targetHints":{"allow":["GET"]}}],"collection":[{"href":"https:\/\/fullcircle.es\/en\/wp-json\/wp\/v2\/pages"}],"about":[{"href":"https:\/\/fullcircle.es\/en\/wp-json\/wp\/v2\/types\/page"}],"author":[{"embeddable":true,"href":"https:\/\/fullcircle.es\/en\/wp-json\/wp\/v2\/users\/2"}],"replies":[{"embeddable":true,"href":"https:\/\/fullcircle.es\/en\/wp-json\/wp\/v2\/comments?post=2743"}],"version-history":[{"count":23,"href":"https:\/\/fullcircle.es\/en\/wp-json\/wp\/v2\/pages\/2743\/revisions"}],"predecessor-version":[{"id":2768,"href":"https:\/\/fullcircle.es\/en\/wp-json\/wp\/v2\/pages\/2743\/revisions\/2768"}],"wp:attachment":[{"href":"https:\/\/fullcircle.es\/en\/wp-json\/wp\/v2\/media?parent=2743"}],"curies":[{"name":"wp","href":"https:\/\/api.w.org\/{rel}","templated":true}]}}