{"id":726,"date":"2019-11-22T15:46:44","date_gmt":"2019-11-22T14:46:44","guid":{"rendered":"https:\/\/fullcircle.es\/?page_id=726"},"modified":"2026-01-14T18:21:18","modified_gmt":"2026-01-14T17:21:18","slug":"consultoria-y-transformacion-digital","status":"publish","type":"page","link":"https:\/\/fullcircle.es\/en\/digitalizacion-de-pymes-kit-consulting\/","title":{"rendered":"Digitalizaci\u00f3n de PYMES &#8211; KIT CONSULTING"},"content":{"rendered":"<p><\/p>\n<h2>Apoyo a la transformaci\u00f3n digital e innovaci\u00f3n en PYMES<\/h2>\n<p>Dentro del plan Espa\u00f1a digital 2025, apoyado por los <strong>Fondos Europeos<\/strong> de <strong>recuperaci\u00f3n de la crisis provocada por la COVID-19<\/strong> se hace especial foco en el <strong>Plan de Digitalizaci\u00f3n de Pymes.<\/strong><\/p>\n<p>En Fullcircle somos <strong>Agentes Digitalizadores<\/strong> y ofrecemos a las PYMES<strong> algunas de las soluciones incluidas en los cat\u00e1logos de las ayudas de KIT DIGITAL Y KIT CONSULTING que incluyen, consultor\u00eda, dise\u00f1o, desarrollo, integracion y dise\u00f1o de procesos, para ayudar a las empresas a definir bien su estrategia de transformaci\u00f3n digital<\/strong>.<\/p>","protected":false},"excerpt":{"rendered":"Apoyo a la transformaci\u00f3n digital e innovaci\u00f3n en PYMES Dentro del plan Espa\u00f1a digital 2025, apoyado por los Fondos Europeos de recuperaci\u00f3n de la crisis provocada por la COVID-19 se hace especial foco en el Plan de Digitalizaci\u00f3n de Pymes. En Fullcircle somos Agentes Digitalizadores y ofrecemos a las PYMES algunas de las soluciones incluidas [&hellip;]","protected":false},"author":1,"featured_media":1022,"parent":0,"menu_order":4,"comment_status":"closed","ping_status":"closed","template":"templates\/kit-digital.php","meta":{"_acf_changed":false,"footnotes":""},"class_list":["post-726","page","type-page","status-publish","has-post-thumbnail","hentry"],"acf":[],"yoast_head":"<!-- This site is optimized with the Yoast SEO plugin v26.7 - https:\/\/yoast.com\/wordpress\/plugins\/seo\/ -->\n<title>Digitalizaci\u00f3n de PYMES - KIT CONSULTING | Fullcircle<\/title>\n<meta name=\"description\" content=\"En Fullcircle somos agentes digitalizadores y ofrecemos consultor\u00eda, dise\u00f1o y desarrollo para ayudar a las empresas con su transformaci\u00f3n digital.\" \/>\n<meta name=\"robots\" content=\"index, follow, max-snippet:-1, max-image-preview:large, max-video-preview:-1\" \/>\n<link rel=\"canonical\" href=\"https:\/\/fullcircle.es\/en\/digitalizacion-de-pymes-kit-consulting\/\" \/>\n<meta property=\"og:locale\" content=\"en_US\" \/>\n<meta property=\"og:type\" content=\"article\" \/>\n<meta property=\"og:title\" content=\"Digitalizaci\u00f3n de PYMES - KIT CONSULTING | Fullcircle\" \/>\n<meta property=\"og:description\" content=\"En Fullcircle somos agentes digitalizadores y ofrecemos consultor\u00eda, dise\u00f1o y desarrollo para ayudar a las empresas con su transformaci\u00f3n digital.\" \/>\n<meta property=\"og:url\" content=\"https:\/\/fullcircle.es\/en\/digitalizacion-de-pymes-kit-consulting\/\" \/>\n<meta property=\"og:site_name\" content=\"Fullcircle\" \/>\n<meta property=\"article:modified_time\" content=\"2026-01-14T17:21:18+00:00\" \/>\n<meta property=\"og:image\" content=\"https:\/\/fullcircle-assets.fra1.digitaloceanspaces.com\/wp-content\/uploads\/2020\/01\/29133850\/td_.jpg\" \/>\n\t<meta property=\"og:image:width\" content=\"900\" \/>\n\t<meta property=\"og:image:height\" content=\"625\" \/>\n\t<meta property=\"og:image:type\" content=\"image\/jpeg\" \/>\n<meta name=\"twitter:card\" content=\"summary_large_image\" \/>\n<meta name=\"twitter:label1\" content=\"Est. reading time\" \/>\n\t<meta name=\"twitter:data1\" content=\"1 minute\" \/>\n<script type=\"application\/ld+json\" class=\"yoast-schema-graph\">{\"@context\":\"https:\/\/schema.org\",\"@graph\":[{\"@type\":\"WebPage\",\"@id\":\"https:\/\/fullcircle.es\/en\/digitalizacion-de-pymes-kit-consulting\/\",\"url\":\"https:\/\/fullcircle.es\/en\/digitalizacion-de-pymes-kit-consulting\/\",\"name\":\"Digitalizaci\u00f3n de PYMES - KIT CONSULTING | Fullcircle\",\"isPartOf\":{\"@id\":\"https:\/\/fullcircle.es\/en\/#website\"},\"primaryImageOfPage\":{\"@id\":\"https:\/\/fullcircle.es\/en\/digitalizacion-de-pymes-kit-consulting\/#primaryimage\"},\"image\":{\"@id\":\"https:\/\/fullcircle.es\/digitalizacion-de-pymes-kit-consulting\/#primaryimage\"},\"thumbnailUrl\":\"https:\/\/fullcircle-assets.fra1.digitaloceanspaces.com\/wp-content\/uploads\/2020\/01\/29133850\/td_.jpg\",\"datePublished\":\"2019-11-22T14:46:44+00:00\",\"dateModified\":\"2026-01-14T17:21:18+00:00\",\"description\":\"En Fullcircle somos agentes digitalizadores y ofrecemos consultor\u00eda, dise\u00f1o y desarrollo para ayudar a las empresas con su transformaci\u00f3n digital.\",\"breadcrumb\":{\"@id\":\"https:\/\/fullcircle.es\/en\/digitalizacion-de-pymes-kit-consulting\/#breadcrumb\"},\"inLanguage\":\"en-US\",\"potentialAction\":[{\"@type\":\"ReadAction\",\"target\":[[\"https:\/\/fullcircle.es\/en\/digitalizacion-de-pymes-kit-consulting\/\"]]}]},{\"@type\":\"ImageObject\",\"inLanguage\":\"en-US\",\"@id\":\"https:\/\/fullcircle.es\/en\/digitalizacion-de-pymes-kit-consulting\/#primaryimage\",\"url\":\"https:\/\/fullcircle-assets.fra1.digitaloceanspaces.com\/wp-content\/uploads\/2020\/01\/29133850\/td_.jpg\",\"contentUrl\":\"https:\/\/fullcircle-assets.fra1.digitaloceanspaces.com\/wp-content\/uploads\/2020\/01\/29133850\/td_.jpg\",\"width\":900,\"height\":625},{\"@type\":\"BreadcrumbList\",\"@id\":\"https:\/\/fullcircle.es\/en\/digitalizacion-de-pymes-kit-consulting\/#breadcrumb\",\"itemListElement\":[{\"@type\":\"ListItem\",\"position\":1,\"name\":\"Inicio\",\"item\":\"https:\/\/fullcircle.es\/en\/\"},{\"@type\":\"ListItem\",\"position\":2,\"name\":\"Digitalizaci\u00f3n de PYMES &#8211; KIT CONSULTING\"}]},{\"@type\":\"WebSite\",\"@id\":\"https:\/\/fullcircle.es\/en\/#website\",\"url\":\"https:\/\/fullcircle.es\/en\/\",\"name\":\"Fullcircle\",\"description\":\"Digital design, development and transformation\",\"publisher\":{\"@id\":\"https:\/\/fullcircle.es\/en\/#organization\"},\"potentialAction\":[{\"@type\":\"SearchAction\",\"target\":{\"@type\":\"EntryPoint\",\"urlTemplate\":\"https:\/\/fullcircle.es\/en\/?s={search_term_string}\"},\"query-input\":{\"@type\":\"PropertyValueSpecification\",\"valueRequired\":true,\"valueName\":\"search_term_string\"}}],\"inLanguage\":\"en-US\"},{\"@type\":\"Organization\",\"@id\":\"https:\/\/fullcircle.es\/en\/#organization\",\"name\":\"Fullcircle\",\"url\":\"https:\/\/fullcircle.es\/en\/\",\"logo\":{\"@type\":\"ImageObject\",\"inLanguage\":\"en-US\",\"@id\":\"https:\/\/fullcircle.es\/en\/#\/schema\/logo\/image\/\",\"url\":\"https:\/\/fullcircle.es\/wp-content\/uploads\/2023\/09\/fullcircle-digital-transformation.png\",\"contentUrl\":\"https:\/\/fullcircle.es\/wp-content\/uploads\/2023\/09\/fullcircle-digital-transformation.png\",\"width\":1200,\"height\":408,\"caption\":\"Fullcircle\"},\"image\":{\"@id\":\"https:\/\/fullcircle.es\/en\/#\/schema\/logo\/image\/\"}}]}<\/script>\n<!-- \/ Yoast SEO plugin. -->","yoast_head_json":{"title":"Digitalizaci\u00f3n de PYMES - KIT CONSULTING | Fullcircle","description":"En Fullcircle somos agentes digitalizadores y ofrecemos consultor\u00eda, dise\u00f1o y desarrollo para ayudar a las empresas con su transformaci\u00f3n digital.","robots":{"index":"index","follow":"follow","max-snippet":"max-snippet:-1","max-image-preview":"max-image-preview:large","max-video-preview":"max-video-preview:-1"},"canonical":"https:\/\/fullcircle.es\/en\/digitalizacion-de-pymes-kit-consulting\/","og_locale":"en_US","og_type":"article","og_title":"Digitalizaci\u00f3n de PYMES - KIT CONSULTING | Fullcircle","og_description":"En Fullcircle somos agentes digitalizadores y ofrecemos consultor\u00eda, dise\u00f1o y desarrollo para ayudar a las empresas con su transformaci\u00f3n digital.","og_url":"https:\/\/fullcircle.es\/en\/digitalizacion-de-pymes-kit-consulting\/","og_site_name":"Fullcircle","article_modified_time":"2026-01-14T17:21:18+00:00","og_image":[{"width":900,"height":625,"url":"https:\/\/fullcircle-assets.fra1.digitaloceanspaces.com\/wp-content\/uploads\/2020\/01\/29133850\/td_.jpg","type":"image\/jpeg"}],"twitter_card":"summary_large_image","twitter_misc":{"Est. reading time":"1 minute"},"schema":{"@context":"https:\/\/schema.org","@graph":[{"@type":"WebPage","@id":"https:\/\/fullcircle.es\/en\/digitalizacion-de-pymes-kit-consulting\/","url":"https:\/\/fullcircle.es\/en\/digitalizacion-de-pymes-kit-consulting\/","name":"Digitalizaci\u00f3n de PYMES - KIT CONSULTING | Fullcircle","isPartOf":{"@id":"https:\/\/fullcircle.es\/en\/#website"},"primaryImageOfPage":{"@id":"https:\/\/fullcircle.es\/en\/digitalizacion-de-pymes-kit-consulting\/#primaryimage"},"image":{"@id":"https:\/\/fullcircle.es\/digitalizacion-de-pymes-kit-consulting\/#primaryimage"},"thumbnailUrl":"https:\/\/fullcircle-assets.fra1.digitaloceanspaces.com\/wp-content\/uploads\/2020\/01\/29133850\/td_.jpg","datePublished":"2019-11-22T14:46:44+00:00","dateModified":"2026-01-14T17:21:18+00:00","description":"En Fullcircle somos agentes digitalizadores y ofrecemos consultor\u00eda, dise\u00f1o y desarrollo para ayudar a las empresas con su transformaci\u00f3n digital.","breadcrumb":{"@id":"https:\/\/fullcircle.es\/en\/digitalizacion-de-pymes-kit-consulting\/#breadcrumb"},"inLanguage":"en-US","potentialAction":[{"@type":"ReadAction","target":[["https:\/\/fullcircle.es\/en\/digitalizacion-de-pymes-kit-consulting\/"]]}]},{"@type":"ImageObject","inLanguage":"en-US","@id":"https:\/\/fullcircle.es\/en\/digitalizacion-de-pymes-kit-consulting\/#primaryimage","url":"https:\/\/fullcircle-assets.fra1.digitaloceanspaces.com\/wp-content\/uploads\/2020\/01\/29133850\/td_.jpg","contentUrl":"https:\/\/fullcircle-assets.fra1.digitaloceanspaces.com\/wp-content\/uploads\/2020\/01\/29133850\/td_.jpg","width":900,"height":625},{"@type":"BreadcrumbList","@id":"https:\/\/fullcircle.es\/en\/digitalizacion-de-pymes-kit-consulting\/#breadcrumb","itemListElement":[{"@type":"ListItem","position":1,"name":"Inicio","item":"https:\/\/fullcircle.es\/en\/"},{"@type":"ListItem","position":2,"name":"Digitalizaci\u00f3n de PYMES &#8211; KIT CONSULTING"}]},{"@type":"WebSite","@id":"https:\/\/fullcircle.es\/en\/#website","url":"https:\/\/fullcircle.es\/en\/","name":"Fullcircle","description":"Digital design, development and transformation","publisher":{"@id":"https:\/\/fullcircle.es\/en\/#organization"},"potentialAction":[{"@type":"SearchAction","target":{"@type":"EntryPoint","urlTemplate":"https:\/\/fullcircle.es\/en\/?s={search_term_string}"},"query-input":{"@type":"PropertyValueSpecification","valueRequired":true,"valueName":"search_term_string"}}],"inLanguage":"en-US"},{"@type":"Organization","@id":"https:\/\/fullcircle.es\/en\/#organization","name":"Fullcircle","url":"https:\/\/fullcircle.es\/en\/","logo":{"@type":"ImageObject","inLanguage":"en-US","@id":"https:\/\/fullcircle.es\/en\/#\/schema\/logo\/image\/","url":"https:\/\/fullcircle.es\/wp-content\/uploads\/2023\/09\/fullcircle-digital-transformation.png","contentUrl":"https:\/\/fullcircle.es\/wp-content\/uploads\/2023\/09\/fullcircle-digital-transformation.png","width":1200,"height":408,"caption":"Fullcircle"},"image":{"@id":"https:\/\/fullcircle.es\/en\/#\/schema\/logo\/image\/"}}]}},"_links":{"self":[{"href":"https:\/\/fullcircle.es\/en\/wp-json\/wp\/v2\/pages\/726","targetHints":{"allow":["GET"]}}],"collection":[{"href":"https:\/\/fullcircle.es\/en\/wp-json\/wp\/v2\/pages"}],"about":[{"href":"https:\/\/fullcircle.es\/en\/wp-json\/wp\/v2\/types\/page"}],"author":[{"embeddable":true,"href":"https:\/\/fullcircle.es\/en\/wp-json\/wp\/v2\/users\/1"}],"replies":[{"embeddable":true,"href":"https:\/\/fullcircle.es\/en\/wp-json\/wp\/v2\/comments?post=726"}],"version-history":[{"count":10,"href":"https:\/\/fullcircle.es\/en\/wp-json\/wp\/v2\/pages\/726\/revisions"}],"predecessor-version":[{"id":1844,"href":"https:\/\/fullcircle.es\/en\/wp-json\/wp\/v2\/pages\/726\/revisions\/1844"}],"wp:featuredmedia":[{"embeddable":true,"href":"https:\/\/fullcircle.es\/en\/wp-json\/wp\/v2\/media\/1022"}],"wp:attachment":[{"href":"https:\/\/fullcircle.es\/en\/wp-json\/wp\/v2\/media?parent=726"}],"curies":[{"name":"wp","href":"https:\/\/api.w.org\/{rel}","templated":true}]}}